{"id":6670,"date":"2020-10-01T10:20:17","date_gmt":"2020-10-01T08:20:17","guid":{"rendered":"https:\/\/grasdorf-rad.eu\/?page_id=6670"},"modified":"2023-04-28T12:39:00","modified_gmt":"2023-04-28T10:39:00","slug":"ceat-torquemax-2","status":"publish","type":"page","link":"https:\/\/grasdorf-rad.eu\/en\/ceat-torquemax-2\/","title":{"rendered":"CEAT Torquemax"},"content":{"rendered":"<div data-elementor-type=\"wp-page\" data-elementor-id=\"6670\" class=\"elementor elementor-6670\" data-elementor-post-type=\"page\">\n\t\t\t\t\t\t<section class=\"elementor-section elementor-top-section elementor-element elementor-element-d273d1f elementor-section-boxed elementor-section-height-default elementor-section-height-default\" data-id=\"d273d1f\" data-element_type=\"section\" data-e-type=\"section\">\n\t\t\t\t\t\t<div class=\"elementor-container elementor-column-gap-default\">\n\t\t\t\t\t<div class=\"elementor-column elementor-col-100 elementor-top-column elementor-element elementor-element-a3bb1a5\" data-id=\"a3bb1a5\" data-element_type=\"column\" data-e-type=\"column\">\n\t\t\t<div class=\"elementor-widget-wrap elementor-element-populated\">\n\t\t\t\t\t\t<div class=\"elementor-element elementor-element-5b3c451 elementor-cta--valign-middle elementor-cta--skin-classic elementor-animated-content elementor-bg-transform elementor-bg-transform-zoom-in elementor-widget elementor-widget-call-to-action\" data-id=\"5b3c451\" data-element_type=\"widget\" data-e-type=\"widget\" data-widget_type=\"call-to-action.default\">\n\t\t\t\t<div class=\"elementor-widget-container\">\n\t\t\t\t\t\t\t<div class=\"elementor-cta\">\n\t\t\t\t\t<div class=\"elementor-cta__bg-wrapper\">\n\t\t\t\t<div class=\"elementor-cta__bg elementor-bg\" style=\"background-image: url(https:\/\/grasdorf-rad.eu\/wp-content\/uploads\/2815-MEDIA-AD_1020-400.jpg);\" role=\"img\" aria-label=\"2815-MEDIA AD_1020-400\"><\/div>\n\t\t\t\t<div class=\"elementor-cta__bg-overlay\"><\/div>\n\t\t\t<\/div>\n\t\t\t\t\t\t\t<div class=\"elementor-cta__content\">\n\t\t\t\t\n\t\t\t\t\t\t\t\t\t<h2 class=\"elementor-cta__title elementor-cta__content-item elementor-content-item\">\n\t\t\t\t\t\tThe CEAT TORQUEMAX VF\/IF tires are available immediately!\t\t\t\t\t<\/h2>\n\t\t\t\t\n\t\t\t\t\t\t\t\t\t<div class=\"elementor-cta__description elementor-cta__content-item elementor-content-item\">\n\t\t\t\t\t\tOrder in our webshop!\t\t\t\t\t<\/div>\n\t\t\t\t\n\t\t\t\t\t\t\t\t\t<div class=\"elementor-cta__button-wrapper elementor-cta__content-item elementor-content-item\">\n\t\t\t\t\t<a class=\"elementor-cta__button elementor-button elementor-size-xl\" href=\"https:\/\/www.grasdorf-rad.shop\/collections\/reifen?sort_by=title-ascending&#038;filter.p.m.custom.hersteller=Ceat\" rel=\"nofollow noopener\" target=\"_blank\">\n\t\t\t\t\t\tVISIT THE WEBSHOP\t\t\t\t\t<\/a>\n\t\t\t\t\t<\/div>\n\t\t\t\t\t\t\t<\/div>\n\t\t\t\t\t\t<\/div>\n\t\t\t\t\t\t<\/div>\n\t\t\t\t<\/div>\n\t\t\t\t\t<\/div>\n\t\t<\/div>\n\t\t\t\t\t<\/div>\n\t\t<\/section>\n\t\t\t\t<section class=\"elementor-section elementor-top-section elementor-element elementor-element-cf6db2f elementor-section-boxed elementor-section-height-default elementor-section-height-default\" data-id=\"cf6db2f\" data-element_type=\"section\" data-e-type=\"section\">\n\t\t\t\t\t\t<div class=\"elementor-container elementor-column-gap-default\">\n\t\t\t\t\t<div class=\"elementor-column elementor-col-33 elementor-top-column elementor-element elementor-element-7167a52\" data-id=\"7167a52\" data-element_type=\"column\" data-e-type=\"column\">\n\t\t\t<div class=\"elementor-widget-wrap elementor-element-populated\">\n\t\t\t\t\t\t<div class=\"elementor-element elementor-element-56b523b elementor-widget elementor-widget-text-editor\" data-id=\"56b523b\" data-element_type=\"widget\" data-e-type=\"widget\" data-widget_type=\"text-editor.default\">\n\t\t\t\t<div class=\"elementor-widget-container\">\n\t\t\t\t\t\t\t\t\t<p><img fetchpriority=\"high\" decoding=\"async\" class=\"alignnone wp-image-6657 size-full\" src=\"https:\/\/grasdorf-rad.eu\/wp-content\/uploads\/Torquemax_Bodenverdichtung.jpg\" alt=\"\" width=\"350\" height=\"224\" srcset=\"https:\/\/grasdorf-rad.eu\/wp-content\/uploads\/Torquemax_Bodenverdichtung.jpg 350w, https:\/\/grasdorf-rad.eu\/wp-content\/uploads\/Torquemax_Bodenverdichtung-300x192.jpg 300w\" sizes=\"(max-width: 350px) 100vw, 350px\" \/><\/p><p><strong>LOW GROUND COMPACTION<\/strong><\/p><ul><li>Wider tread<\/li><li style=\"text-align: left;\">Larger interior volume<\/li><li>Constant and smooth transmission of torque to the ground<\/li><\/ul>\t\t\t\t\t\t\t\t<\/div>\n\t\t\t\t<\/div>\n\t\t\t\t\t<\/div>\n\t\t<\/div>\n\t\t\t\t<div class=\"elementor-column elementor-col-33 elementor-top-column elementor-element elementor-element-a3ceae3\" data-id=\"a3ceae3\" data-element_type=\"column\" data-e-type=\"column\">\n\t\t\t<div class=\"elementor-widget-wrap elementor-element-populated\">\n\t\t\t\t\t\t<div class=\"elementor-element elementor-element-7291f99 elementor-widget elementor-widget-text-editor\" data-id=\"7291f99\" data-element_type=\"widget\" data-e-type=\"widget\" data-widget_type=\"text-editor.default\">\n\t\t\t\t<div class=\"elementor-widget-container\">\n\t\t\t\t\t\t\t\t\t<p><img decoding=\"async\" class=\"alignnone wp-image-6658 size-full\" src=\"https:\/\/grasdorf-rad.eu\/wp-content\/uploads\/Torquemax_Strassenlage.jpg\" alt=\"\" width=\"350\" height=\"224\" srcset=\"https:\/\/grasdorf-rad.eu\/wp-content\/uploads\/Torquemax_Strassenlage.jpg 350w, https:\/\/grasdorf-rad.eu\/wp-content\/uploads\/Torquemax_Strassenlage-300x192.jpg 300w\" sizes=\"(max-width: 350px) 100vw, 350px\" \/><\/p><p><strong>OPTIMAL STREET LOCATION<\/strong><\/p><ul><li>Higher stud angle in the middle<\/li><li>Higher stud overlap in the middle<\/li><\/ul>\t\t\t\t\t\t\t\t<\/div>\n\t\t\t\t<\/div>\n\t\t\t\t\t<\/div>\n\t\t<\/div>\n\t\t\t\t<div class=\"elementor-column elementor-col-33 elementor-top-column elementor-element elementor-element-2da381f\" data-id=\"2da381f\" data-element_type=\"column\" data-e-type=\"column\">\n\t\t\t<div class=\"elementor-widget-wrap elementor-element-populated\">\n\t\t\t\t\t\t<div class=\"elementor-element elementor-element-ac3a36c elementor-widget elementor-widget-text-editor\" data-id=\"ac3a36c\" data-element_type=\"widget\" data-e-type=\"widget\" data-widget_type=\"text-editor.default\">\n\t\t\t\t<div class=\"elementor-widget-container\">\n\t\t\t\t\t\t\t\t\t<p><img decoding=\"async\" class=\"alignnone wp-image-6659 size-full\" src=\"https:\/\/grasdorf-rad.eu\/wp-content\/uploads\/Torquemax_Traction.jpg\" alt=\"\" width=\"350\" height=\"224\" srcset=\"https:\/\/grasdorf-rad.eu\/wp-content\/uploads\/Torquemax_Traction.jpg 350w, https:\/\/grasdorf-rad.eu\/wp-content\/uploads\/Torquemax_Traction-300x192.jpg 300w\" sizes=\"(max-width: 350px) 100vw, 350px\" \/><\/p><p><strong>HIGH TRACTION AND LOAD CAPACITY<\/strong><\/p><ul><li>Low lug angle at the shoulder\u00a0<\/li><\/ul>\t\t\t\t\t\t\t\t<\/div>\n\t\t\t\t<\/div>\n\t\t\t\t\t<\/div>\n\t\t<\/div>\n\t\t\t\t\t<\/div>\n\t\t<\/section>\n\t\t\t\t<section class=\"elementor-section elementor-top-section elementor-element elementor-element-1ac3d68 elementor-section-boxed elementor-section-height-default elementor-section-height-default\" data-id=\"1ac3d68\" data-element_type=\"section\" data-e-type=\"section\">\n\t\t\t\t\t\t<div class=\"elementor-container elementor-column-gap-default\">\n\t\t\t\t\t<div class=\"elementor-column elementor-col-100 elementor-top-column elementor-element elementor-element-5f0367d\" data-id=\"5f0367d\" data-element_type=\"column\" data-e-type=\"column\">\n\t\t\t<div class=\"elementor-widget-wrap elementor-element-populated\">\n\t\t\t\t\t\t<div class=\"elementor-element elementor-element-6defec2 elementor-widget-divider--view-line elementor-widget elementor-widget-divider\" data-id=\"6defec2\" data-element_type=\"widget\" data-e-type=\"widget\" data-widget_type=\"divider.default\">\n\t\t\t\t<div class=\"elementor-widget-container\">\n\t\t\t\t\t\t\t<div class=\"elementor-divider\">\n\t\t\t<span class=\"elementor-divider-separator\">\n\t\t\t\t\t\t<\/span>\n\t\t<\/div>\n\t\t\t\t\t\t<\/div>\n\t\t\t\t<\/div>\n\t\t\t\t\t<\/div>\n\t\t<\/div>\n\t\t\t\t\t<\/div>\n\t\t<\/section>\n\t\t\t\t<section class=\"elementor-section elementor-top-section elementor-element elementor-element-9cc1944 elementor-section-content-middle elementor-section-boxed elementor-section-height-default elementor-section-height-default\" data-id=\"9cc1944\" data-element_type=\"section\" data-e-type=\"section\">\n\t\t\t\t\t\t<div class=\"elementor-container elementor-column-gap-default\">\n\t\t\t\t\t<div class=\"elementor-column elementor-col-50 elementor-top-column elementor-element elementor-element-81fcff9\" data-id=\"81fcff9\" data-element_type=\"column\" data-e-type=\"column\">\n\t\t\t<div class=\"elementor-widget-wrap elementor-element-populated\">\n\t\t\t\t\t\t<div class=\"elementor-element elementor-element-e3acbef elementor-widget elementor-widget-text-editor\" data-id=\"e3acbef\" data-element_type=\"widget\" data-e-type=\"widget\" data-widget_type=\"text-editor.default\">\n\t\t\t\t<div class=\"elementor-widget-container\">\n\t\t\t\t\t\t\t\t\t<h1><span style=\"color: #ff0000;\"><strong>TORQUEMAX - The VF\/IF tire especially for powerful tractors<\/strong><\/span><\/h1><p>The CEAT TORQUEMAX radial tire is designed for high-performance tractors because it transfers torque consistently and smoothly from the tractor to the ground. Thanks to lower compaction, higher traction and better road holding, the CEAT TORQUEMAX ensures that your tractor runs smoothly in all conditions in the field and on the road.<\/p><h2><span style=\"text-decoration: underline;\">Features<\/span><\/h2><p>The CEAT TORQUEMAX has a tilted lug tip that reduces vibrations and noise. A more acute angle and lug overlap in the center provide better road holding and the sloping angle at the shoulder increases traction. The rounded shoulders protect the ground and yield better. The wider tread and larger inner volume reduce soil compaction. The R1-W tread depth increases the service life of the tires.<\/p><p>The VF technology enables the tire to carry approx. 40% more load than a standard tire with the same air pressure, while the IF technology enables the tire to carry approx. 20% more load than a standard tire with the same air pressure.<\/p><h2><span style=\"text-decoration: underline;\">Sizes:<\/span><\/h2><p class=\"translation-block\">The CEAT TORQUEMAX is available in the sizes <strong>VF520\/85 R38 170D, VF710\/70 R42 185D, VF710\/75 R42 184D, IF600\/70 R30 165D, IF600\/70 R34 160D, IF600\/70 R34 167D, IF520\/85 R38 167D, IF710\/70 R38 178D and IF710 70 R42 179D<\/strong>.<\/p>\t\t\t\t\t\t\t\t<\/div>\n\t\t\t\t<\/div>\n\t\t\t\t\t<\/div>\n\t\t<\/div>\n\t\t\t\t<div class=\"elementor-column elementor-col-50 elementor-top-column elementor-element elementor-element-d1c204d\" data-id=\"d1c204d\" data-element_type=\"column\" data-e-type=\"column\">\n\t\t\t<div class=\"elementor-widget-wrap elementor-element-populated\">\n\t\t\t\t\t\t<div class=\"elementor-element elementor-element-445240c elementor-widget__width-auto elementor-widget elementor-widget-image\" data-id=\"445240c\" data-element_type=\"widget\" data-e-type=\"widget\" data-widget_type=\"image.default\">\n\t\t\t\t<div class=\"elementor-widget-container\">\n\t\t\t\t\t\t\t\t\t\t\t\t\t\t\t\t<a href=\"https:\/\/www.webshop-grasdorf.de\/de-de\/search?q=ceat&#038;viewMode=grid\" rel=\"nofollow noopener\" target=\"_blank\">\n\t\t\t\t\t\t\t<img loading=\"lazy\" decoding=\"async\" width=\"720\" height=\"720\" src=\"https:\/\/grasdorf-rad.eu\/wp-content\/uploads\/Torquemax.png\" class=\"attachment-full size-full wp-image-7255\" alt=\"\" srcset=\"https:\/\/grasdorf-rad.eu\/wp-content\/uploads\/Torquemax.png 720w, https:\/\/grasdorf-rad.eu\/wp-content\/uploads\/Torquemax-300x300.png 300w, https:\/\/grasdorf-rad.eu\/wp-content\/uploads\/Torquemax-150x150.png 150w, https:\/\/grasdorf-rad.eu\/wp-content\/uploads\/Torquemax-12x12.png 12w\" sizes=\"(max-width: 720px) 100vw, 720px\">\t\t\t\t\t\t\t\t<\/a>\n\t\t\t\t\t\t\t\t\t\t\t\t\t\t\t<\/div>\n\t\t\t\t<\/div>\n\t\t\t\t\t<\/div>\n\t\t<\/div>\n\t\t\t\t\t<\/div>\n\t\t<\/section>\n\t\t\t\t<section class=\"elementor-section elementor-top-section elementor-element elementor-element-ebe4c3d elementor-section-boxed elementor-section-height-default elementor-section-height-default\" data-id=\"ebe4c3d\" data-element_type=\"section\" data-e-type=\"section\">\n\t\t\t\t\t\t<div class=\"elementor-container elementor-column-gap-default\">\n\t\t\t\t\t<div class=\"elementor-column elementor-col-100 elementor-top-column elementor-element elementor-element-355fb3e\" data-id=\"355fb3e\" data-element_type=\"column\" data-e-type=\"column\">\n\t\t\t<div class=\"elementor-widget-wrap elementor-element-populated\">\n\t\t\t\t\t\t<div class=\"elementor-element elementor-element-2608fc9 elementor-widget-divider--view-line elementor-widget elementor-widget-divider\" data-id=\"2608fc9\" data-element_type=\"widget\" data-e-type=\"widget\" data-widget_type=\"divider.default\">\n\t\t\t\t<div class=\"elementor-widget-container\">\n\t\t\t\t\t\t\t<div class=\"elementor-divider\">\n\t\t\t<span class=\"elementor-divider-separator\">\n\t\t\t\t\t\t<\/span>\n\t\t<\/div>\n\t\t\t\t\t\t<\/div>\n\t\t\t\t<\/div>\n\t\t\t\t\t<\/div>\n\t\t<\/div>\n\t\t\t\t\t<\/div>\n\t\t<\/section>\n\t\t\t\t<section class=\"elementor-section elementor-top-section elementor-element elementor-element-b36d1a5 elementor-section-boxed elementor-section-height-default elementor-section-height-default\" data-id=\"b36d1a5\" data-element_type=\"section\" data-e-type=\"section\">\n\t\t\t\t\t\t<div class=\"elementor-container elementor-column-gap-default\">\n\t\t\t\t\t<div class=\"elementor-column elementor-col-100 elementor-top-column elementor-element elementor-element-ed72215\" data-id=\"ed72215\" data-element_type=\"column\" data-e-type=\"column\">\n\t\t\t<div class=\"elementor-widget-wrap elementor-element-populated\">\n\t\t\t\t\t\t<div class=\"elementor-element elementor-element-1030fb5 elementor-vertical-align-top elementor-widget elementor-widget-image-box\" data-id=\"1030fb5\" data-element_type=\"widget\" data-e-type=\"widget\" data-widget_type=\"image-box.default\">\n\t\t\t\t<div class=\"elementor-widget-container\">\n\t\t\t\t\t<div class=\"elementor-image-box-wrapper\"><div class=\"elementor-image-box-content\"><h3 class=\"elementor-image-box-title\">See the power of CEAT's new IF tires for yourself in this video!<\/h3><p class=\"elementor-image-box-description\">\n<\/p><\/div><\/div>\t\t\t\t<\/div>\n\t\t\t\t<\/div>\n\t\t\t\t<div class=\"elementor-element elementor-element-6c9cd73 elementor-widget elementor-widget-video\" data-id=\"6c9cd73\" data-element_type=\"widget\" data-e-type=\"widget\" data-settings=\"{&quot;youtube_url&quot;:&quot;https:\\\/\\\/youtu.be\\\/gRLmByeor8I?t=4&quot;,&quot;yt_privacy&quot;:&quot;yes&quot;,&quot;video_type&quot;:&quot;youtube&quot;,&quot;controls&quot;:&quot;yes&quot;}\" data-widget_type=\"video.default\">\n\t\t\t\t<div class=\"elementor-widget-container\">\n\t\t\t\t\t\t\t<div class=\"elementor-wrapper elementor-open-inline\">\n\t\t\t<div class=\"elementor-video\"><\/div>\t\t<\/div>\n\t\t\t\t\t\t<\/div>\n\t\t\t\t<\/div>\n\t\t\t\t\t<\/div>\n\t\t<\/div>\n\t\t\t\t\t<\/div>\n\t\t<\/section>\n\t\t\t\t<\/div>","protected":false},"excerpt":{"rendered":"<p>CEAT TORQUEMAX VF\/IF-Reifen sofort verf\u00fcgbar! Bestellen Sie in unserem Webshop! ZUM WEBSHOP GERINGE BODENVERDICHTUNG Breitere Lauffl\u00e4che Gr\u00f6\u00dferes Innenvolumen konstante und sanfte \u00dcbertragung des Drehmoments auf den Boden OPTIMALE STRASSENLAGE H\u00f6herer Stollenwinkel in der Mitte H\u00f6here Stollen\u00fcberlappung in der Mitte HOHE TRAKTION UND TRAGF\u00c4HIGKEIT Niedriger Stollenwinkel an der Schulter\u00a0 TORQUEMAX &#8211; Der VF\/IF-Reifen speziell f\u00fcr leistungsstarke [&hellip;]<\/p>\n","protected":false},"author":5,"featured_media":6660,"parent":0,"menu_order":0,"comment_status":"closed","ping_status":"closed","template":"","meta":{"ocean_post_layout":"","ocean_both_sidebars_style":"","ocean_both_sidebars_content_width":0,"ocean_both_sidebars_sidebars_width":0,"ocean_sidebar":"0","ocean_second_sidebar":"0","ocean_disable_margins":"enable","ocean_add_body_class":"","ocean_shortcode_before_top_bar":"","ocean_shortcode_after_top_bar":"","ocean_shortcode_before_header":"","ocean_shortcode_after_header":"","ocean_has_shortcode":"","ocean_shortcode_after_title":"","ocean_shortcode_before_footer_widgets":"","ocean_shortcode_after_footer_widgets":"","ocean_shortcode_before_footer_bottom":"","ocean_shortcode_after_footer_bottom":"","ocean_display_top_bar":"default","ocean_display_header":"default","ocean_header_style":"","ocean_center_header_left_menu":"0","ocean_custom_header_template":"0","ocean_custom_logo":0,"ocean_custom_retina_logo":0,"ocean_custom_logo_max_width":0,"ocean_custom_logo_tablet_max_width":0,"ocean_custom_logo_mobile_max_width":0,"ocean_custom_logo_max_height":0,"ocean_custom_logo_tablet_max_height":0,"ocean_custom_logo_mobile_max_height":0,"ocean_header_custom_menu":"0","ocean_menu_typo_font_family":"0","ocean_menu_typo_font_subset":"","ocean_menu_typo_font_size":0,"ocean_menu_typo_font_size_tablet":0,"ocean_menu_typo_font_size_mobile":0,"ocean_menu_typo_font_size_unit":"px","ocean_menu_typo_font_weight":"","ocean_menu_typo_font_weight_tablet":"","ocean_menu_typo_font_weight_mobile":"","ocean_menu_typo_transform":"","ocean_menu_typo_transform_tablet":"","ocean_menu_typo_transform_mobile":"","ocean_menu_typo_line_height":0,"ocean_menu_typo_line_height_tablet":0,"ocean_menu_typo_line_height_mobile":0,"ocean_menu_typo_line_height_unit":"","ocean_menu_typo_spacing":0,"ocean_menu_typo_spacing_tablet":0,"ocean_menu_typo_spacing_mobile":0,"ocean_menu_typo_spacing_unit":"","ocean_menu_link_color":"","ocean_menu_link_color_hover":"","ocean_menu_link_color_active":"","ocean_menu_link_background":"","ocean_menu_link_hover_background":"","ocean_menu_link_active_background":"","ocean_menu_social_links_bg":"","ocean_menu_social_hover_links_bg":"","ocean_menu_social_links_color":"","ocean_menu_social_hover_links_color":"","ocean_disable_title":"default","ocean_disable_heading":"default","ocean_post_title":"","ocean_post_subheading":"","ocean_post_title_style":"","ocean_post_title_background_color":"","ocean_post_title_background":0,"ocean_post_title_bg_image_position":"","ocean_post_title_bg_image_attachment":"","ocean_post_title_bg_image_repeat":"","ocean_post_title_bg_image_size":"","ocean_post_title_height":0,"ocean_post_title_bg_overlay":0.5,"ocean_post_title_bg_overlay_color":"","ocean_disable_breadcrumbs":"default","ocean_breadcrumbs_color":"","ocean_breadcrumbs_separator_color":"","ocean_breadcrumbs_links_color":"","ocean_breadcrumbs_links_hover_color":"","ocean_display_footer_widgets":"default","ocean_display_footer_bottom":"default","ocean_custom_footer_template":"0","footnotes":""},"class_list":["post-6670","page","type-page","status-publish","has-post-thumbnail","hentry","entry","has-media"],"publishpress_future_action":{"enabled":false,"date":"2026-05-09 12:46:46","action":"change-status","newStatus":"draft","terms":[],"taxonomy":"","extraData":[]},"publishpress_future_workflow_manual_trigger":{"enabledWorkflows":[]},"_links":{"self":[{"href":"https:\/\/grasdorf-rad.eu\/en\/wp-json\/wp\/v2\/pages\/6670","targetHints":{"allow":["GET"]}}],"collection":[{"href":"https:\/\/grasdorf-rad.eu\/en\/wp-json\/wp\/v2\/pages"}],"about":[{"href":"https:\/\/grasdorf-rad.eu\/en\/wp-json\/wp\/v2\/types\/page"}],"author":[{"embeddable":true,"href":"https:\/\/grasdorf-rad.eu\/en\/wp-json\/wp\/v2\/users\/5"}],"replies":[{"embeddable":true,"href":"https:\/\/grasdorf-rad.eu\/en\/wp-json\/wp\/v2\/comments?post=6670"}],"version-history":[{"count":91,"href":"https:\/\/grasdorf-rad.eu\/en\/wp-json\/wp\/v2\/pages\/6670\/revisions"}],"predecessor-version":[{"id":12422,"href":"https:\/\/grasdorf-rad.eu\/en\/wp-json\/wp\/v2\/pages\/6670\/revisions\/12422"}],"wp:featuredmedia":[{"embeddable":true,"href":"https:\/\/grasdorf-rad.eu\/en\/wp-json\/wp\/v2\/media\/6660"}],"wp:attachment":[{"href":"https:\/\/grasdorf-rad.eu\/en\/wp-json\/wp\/v2\/media?parent=6670"}],"curies":[{"name":"wp","href":"https:\/\/api.w.org\/{rel}","templated":true}]}}