{"id":53,"date":"2019-01-25T09:19:52","date_gmt":"2019-01-25T08:19:52","guid":{"rendered":"http:\/\/hosting123472.a2fd0.netcup.net\/?page_id=53"},"modified":"2025-10-29T10:45:36","modified_gmt":"2025-10-29T09:45:36","slug":"datenschutz","status":"publish","type":"page","link":"https:\/\/grasdorf-rad.eu\/en\/datenschutz\/","title":{"rendered":"Data Privacy"},"content":{"rendered":"<div data-elementor-type=\"wp-post\" data-elementor-id=\"53\" class=\"elementor elementor-53\" data-elementor-post-type=\"page\">\n\t\t\t\t\t\t<section class=\"elementor-section elementor-top-section elementor-element elementor-element-61186b9 elementor-section-stretched elementor-section-boxed elementor-section-height-default elementor-section-height-default\" data-id=\"61186b9\" data-element_type=\"section\" data-e-type=\"section\" data-settings=\"{&quot;stretch_section&quot;:&quot;section-stretched&quot;,&quot;background_background&quot;:&quot;classic&quot;}\">\n\t\t\t\t\t\t\t<div class=\"elementor-background-overlay\"><\/div>\n\t\t\t\t\t\t\t<div class=\"elementor-container elementor-column-gap-default\">\n\t\t\t\t\t<div class=\"elementor-column elementor-col-100 elementor-top-column elementor-element elementor-element-cc8aa12\" data-id=\"cc8aa12\" data-element_type=\"column\" data-e-type=\"column\">\n\t\t\t<div class=\"elementor-widget-wrap elementor-element-populated\">\n\t\t\t\t\t\t<div class=\"elementor-element elementor-element-42f5676 elementor-widget elementor-widget-text-editor\" data-id=\"42f5676\" data-element_type=\"widget\" data-e-type=\"widget\" data-widget_type=\"text-editor.default\">\n\t\t\t\t<div class=\"elementor-widget-container\">\n\t\t\t\t\t\t\t\t\t<div data-id=\"026033e\" data-element_type=\"column\">\n<div data-id=\"630ceef\" data-settings=\"{\" data-element_type=\"text-editor.default\">\n<div data-elementor-setting-key=\"editor\" data-elementor-inline-editing-toolbar=\"advanced\">\n<p>1. AN OVERVIEW OF DATA PROTECTION<\/p>\n<h3>GENERAL<\/h3>\n<p>The following gives a simple overview of what happens to your personal information when you visit our website. Personal information is any data with which you could be personally identified. Detailed information on the subject of data protection can be found in our privacy policy found below.<\/p>\n<h3>DATA COLLECTION ON OUR WEBSITE<\/h3>\n<p><strong>Who is responsible for the data collection on this website?<\/strong><\/p>\n<p>The data collected on this website are processed by the website operator. The operator\u2019s contact details can be found in the website\u2019s required legal notice.<\/p>\n<p><strong>How do we collect your data?<\/strong><\/p>\n<p>Some data are collected when you provide it to us. This could, for example, be data you enter on a contact form.<\/p>\n<p>Other data are collected automatically by our IT systems when you visit the website. These data are primarily technical data such as the browser and operating system you are using or when you accessed the page. These data are collected automatically as soon as you enter our website.<\/p>\n<p><strong>What do we use your data for?<\/strong><\/p>\n<p>Part of the data is collected to ensure the proper functioning of the website. Other data can be used to analyze how visitors use the site.<\/p>\n<p><strong>What rights do you have regarding your data?<\/strong><\/p>\n<p>You always have the right to request information about your stored data, its origin, its recipients, and the purpose of its collection at no charge. You also have the right to request that it be corrected, blocked, or deleted. You can contact us at any time using the address given in the legal notice if you have further questions about the issue of privacy and data protection. You may also, of course, file a complaint with the competent regulatory authorities.<\/p>\n<h3>ANALYTICS AND THIRD-PARTY TOOLS<\/h3>\n<p>When visiting our website, statistical analyses may be made of your surfing behavior. This happens primarily using cookies and analytics. The analysis of your surfing behavior is usually anonymous, i.e. we will not be able to identify you from this data. You can object to this analysis or prevent it by not using certain tools. Detailed information can be found in the following privacy policy.<\/p>\n<p style=\"text-align: left;\">You can object to this analysis. We will inform you below about how to exercise your options in this regard.<\/p>\n<h2>2. GENERAL INFORMATION AND MANDATORY INFORMATION<\/h2>\n<h3>Data Privacy<\/h3>\n<p>The operators of this website take the protection of your personal data very seriously. We treat your personal data as confidential and in accordance with the statutory data protection regulations and this privacy policy.<\/p>\n<p>If you use this website, various pieces of personal data will be collected. Personal information is any data with which you could be personally identified. This privacy policy explains what information we collect and what we use it for. It also explains how and for what purpose this happens.<\/p>\n<p>Please note that data transmitted via the internet (e.g. via email communication) may be subject to security breaches. Complete protection of your data from third-party access is not possible.<\/p>\n<h3>NOTICE CONCERNING THE PARTY RESPONSIBLE FOR THIS WEBSITE<\/h3>\n<p>The party responsible for processing data on this website is:<\/p>\n<p>Grasdorf GmbH<br>Ziegeleistra\u00dfe 29<br>31188 Holle<\/p>\n<p>Telephone: +49 5062 \u2013 90 2-0<br>E-Mail: info@grasdorf-rad.eu<\/p>\n<p>The responsible party is the natural or legal person who alone or jointly with others decides on the purposes and means of processing personal data (names, email addresses, etc.).<\/p>\n<h3>REVOCATION OF YOUR CONSENT TO THE PROCESSING OF YOUR DATA<\/h3>\n<p>Many data processing operations are only possible with your express consent. You may revoke your consent at any time with future effect. An informal email making this request is sufficient. The data processed before we receive your request may still be legally processed.<\/p>\n<h3>RIGHT TO FILE COMPLAINTS WITH REGULATORY AUTHORITIES<\/h3>\n<p>If there has been a breach of data protection legislation, the person affected may file a complaint with the competent regulatory authorities. The competent regulatory authority for matters related to data protection legislation is the data protection officer of the German state in which our company is headquartered. A list of data protection officers and their contact details can be found at the following link: <a href=\"https:\/\/www.bfdi.bund.de\/DE\/Infothek\/Anschriften_Links\/anschriften_links-node.html\" target=\"_blank\" rel=\"noopener nofollow\">www.bfdi.bund.de\/DE\/Infothek\/Anschriften_Links\/anschriften_links-node.html<\/a>.<\/p>\n<h3>RIGHT TO DATA PORTABILITY<\/h3>\n<p>You have the right to have data which we process based on your consent or in fulfillment of a contract automatically delivered to yourself or to a third party in a standard, machine-readable format. If you require the direct transfer of data to another responsible party, this will only be done to the extent technically feasible.<\/p>\n<h3>SSL OR TLS ENCRYPTION<\/h3>\n<p>This site uses SSL or TLS encryption for security reasons and for the protection of the transmission of confidential content, such as the inquiries you send to us as the site operator. You can recognize an encrypted connection in your browser\u2019s address line when it changes from \u201ehttp:\/\/\u201c to \u201ehttps:\/\/\u201c and the lock icon is displayed in your browser\u2019s address bar.<\/p>\n<p>If SSL or TLS encryption is activated, the data you transfer to us cannot be read by third parties.<\/p>\n<h3>INFORMATION, BLOCKING, DELETION<\/h3>\n<p>As permitted by law, you have the right to be provided at any time with information free of charge about any of your personal data that is stored as well as its origin, the recipient and the purpose for which it has been processed. You also have the right to have this data corrected, blocked or deleted. You can contact us at any time using the address given in our legal notice if you have further questions on the topic of personal data.<\/p>\n<h3>OPPOSITION TO PROMOTIONAL EMAILS<\/h3>\n<p>We hereby expressly prohibit the use of contact data published in the context of website legal notice requirements with regard to sending promotional and informational materials not expressly requested. The website operator reserves the right to take specific legal action if unsolicited advertising material, such as email spam, is received.<\/p>\n<h2>3. DATA PROTECTION OFFICER<\/h2>\n<h3>STATUTORY DATA PROTECTION OFFICER<\/h3>\n<p>We have appointed a data protection officer for our company.<\/p>\n<p><strong>Kontaktdaten unseres Datenschutzbeauftragten<\/strong><\/p>\n<p>Datenschutzbeauftragter der <i>Grasdorf GmbH<\/i><br><em>Ziegeleistra\u00dfe 29<\/em><br><em>31188 Holle<\/em><\/p>\n<p>Telefon: +49 (0) 5062 &#8211; 902-0<br>E-Mail: dsk@grasdorf-rad.eu<\/p>\n<h2>4. DATA COLLECTION ON OUR WEBSITE<\/h2>\n<h3>Cookies<\/h3>\n<p>Some of our web pages use cookies. Cookies do not harm your computer and do not contain any viruses. Cookies help make our website more user-friendly, efficient, and secure. Cookies are small text files that are stored on your computer and saved by your browser.<\/p>\n<p>Most of the cookies we use are so-called \u201esession cookies.\u201c They are automatically deleted after your visit. Other cookies remain in your device\u2019s memory until you delete them. These cookies make it possible to recognize your browser when you next visit the site.<\/p>\n<p>You can configure your browser to inform you about the use of cookies so that you can decide on a case-by-case basis whether to accept or reject a cookie. Alternatively, your browser can be configured to automatically accept cookies under certain conditions or to always reject them, or to automatically delete cookies when closing your browser. Disabling cookies may limit the functionality of this website.<\/p>\n<p>Zur Verwaltung der eingesetzten Cookies und \u00e4hnlichen Technologien (Tracking-Pixel, Web-Beacons etc.) und diesbez\u00fcglicher Einwilligungen setzen wir das Consent Tool &#8222;Real Cookie Banner&#8220; ein. Details zur Funktionsweise von &#8222;Real Cookie Banner&#8220; finden Sie unter <a href=\"https:\/\/devowl.io\/de\/rcb\/datenverarbeitung\/\" rel=\"nofollow noopener\" target=\"_blank\">https:\/\/devowl.io\/de\/rcb\/datenverarbeitung\/&nbsp;<\/a><\/p>\n<p>Rechtsgrundlagen f\u00fcr die Verarbeitung von personenbezogenen Daten in diesem Zusammenhang sind Art. 6 Abs. 1 lit. c DS-GVO und Art. 6 Abs. 1 lit. f DS-GVO. Unser berechtigtes Interesse ist die Verwaltung der eingesetzten Cookies und \u00e4hnlichen Technologien und der diesbez\u00fcglichen Einwilligungen.<\/p>\n<p><span style=\"font-family: Helvetica, Helvetica; font-size: 14px; font-style: normal; font-variant-ligatures: normal; font-variant-caps: normal; font-weight: 400;\">Beim ersten Besuch der Website, haben Sie einen Banner gesehen, mit dem die Cookie Einstellungen gesetzt werden. Im folgenden k\u00f6nnen Sie diese Einstellungen einsehen, \u00e4ndern oder widerrufen:<\/span><\/p>\n<p><a  href=\"#consent-change\" role=\"button\" id=\"rcb-sc-link-change\" data-success-message=\"\" class=\"rcb-sc-link rcb-sc-link-change\">Change privacy settings<\/a><\/p>\n<p><a  href=\"#consent-history\" role=\"button\" id=\"rcb-sc-link-history\" data-success-message=\"\" class=\"rcb-sc-link rcb-sc-link-history\">Privacy settings history<\/a><\/p>\n<p><a  href=\"#consent-revoke\" role=\"button\" id=\"rcb-sc-link-revoke\" data-success-message=\"Du hast die Einwilligung erfolgreich widerrufen. Die Seite wird nun neu geladen.\" class=\"rcb-sc-link rcb-sc-link-revoke\">Revoke consents<\/a><\/p>\n<h3>SERVER LOG FILES<\/h3>\n<p>The website provider automatically collects and stores information that your browser automatically transmits to us in \u201eserver log files\u201c. These are:<\/p>\n<ul>\n<li>Browser type and browser version<\/li>\n<li>Operating system used<\/li>\n<li>Referrer URL<\/li>\n<li>Host name of the accessing computer<\/li>\n<li>Time of the server request<\/li>\n<li>IP address<\/li>\n<\/ul>\n<p>These data will not be combined with data from other sources.<\/p>\n<p>The basis for data processing is Art. 6 (1) (b) DSGVO, which allows the processing of data to fulfill a contract or for measures preliminary to a contract.<\/p>\n<h3 style=\"font-variant-ligatures: normal; font-variant-caps: normal; font-family: Helvetica, Helvetica; font-style: normal;\">CONTACT FORM<\/h3>\n<p style=\"font-variant-ligatures: normal; font-variant-caps: normal; font-family: Helvetica, Helvetica; font-size: 14px; font-style: normal; font-weight: 400;\">Should you send us questions via the contact form, we will collect the data entered on the form, including the contact details you provide, to answer your question and any follow-up questions. We do not share this information without your permission.<\/p>\n<p style=\"font-variant-ligatures: normal; font-variant-caps: normal; font-family: Helvetica, Helvetica; font-size: 14px; font-style: normal; font-weight: 400;\">We will, therefore, process any data you enter onto the contact form only with your consent per Art. 6 (1)(a) DSGVO. You may revoke your consent at any time. An informal email making this request is sufficient. The data processed before we receive your request may still be legally processed.<\/p>\n<p style=\"font-variant-ligatures: normal; font-variant-caps: normal; font-family: Helvetica, Helvetica; font-size: 14px; font-style: normal; font-weight: 400;\">We will retain the data you provide on the contact form until you request its deletion, revoke your consent for its storage, or the purpose for its storage no longer pertains (e.g. after fulfilling your request). Any mandatory statutory provisions, especially those regarding mandatory data retention periods, remain unaffected by this provision.<\/p>\n<h2>5. NEWSLETTER<\/h2>\n<p>Diese Website nutzt Brevo f\u00fcr den Versand von Newslettern. Anbieter ist die Sendinblue GmbH, K\u00f6penicker Stra\u00dfe 126, 10179 Berlin, Deutschland. Brevo ist ein Dienst, mit dem u.a. der Versand von Newslettern organisiert und analysiert werden kann. Die von Ihnen zum Zwecke des Newsletterbezugs eingegeben Daten werden auf den Servern der Sendinblue GmbH in Deutschland gespeichert.<\/p>\n<p>Mit Hilfe von Brevo ist es uns m\u00f6glich, unsere Newsletter-Kampagnen zu analysieren. So k\u00f6nnen wir z.&nbsp;B. sehen, ob eine Newsletter-Nachricht ge\u00f6ffnet und welche Links ggf. angeklickt wurden. Auf diese Weise k\u00f6nnen wir u.a. feststellen, welche Links besonders oft angeklickt wurden.<\/p>\n<p>Ausf\u00fchrliche Informationen zu den Funktionen von Brevo entnehmen Sie folgendem Link:&nbsp; <a href=\"https:\/\/www.brevo.com\/de\/newsletter-software\/\" rel=\"nofollow noopener\" target=\"_blank\">https:\/\/www.brevo.com\/de\/newsletter-software\/<\/a>.<\/p>\n<p>Data processing is based on Art. 6 (1) (a) DSGVO. You may revoke your consent at any time by unsubscribing to the newsletter. The data processed before we receive your request may still be legally processed.<\/p>\n<p>Wenn Sie keine Analyse durch Brevo wollen, m\u00fcssen Sie den Newsletter abbestellen. Hierf\u00fcr stellen wir in jeder Newsletternachricht einen entsprechenden Link zur Verf\u00fcgung. Des Weiteren k\u00f6nnen Sie den Newsletter auch direkt auf der Website abbestellen.<\/p>\n<p>Die von Ihnen zum Zwecke des Newsletter-Bezugs bei uns hinterlegten Daten werden von uns bis zu Ihrer Austragung aus dem Newsletter bei uns bzw. dem Newsletterdiensteanbieter gespeichert und nach der Abbestellung des Newsletters aus der Newsletterverteilerliste gel\u00f6scht. Daten, die zu anderen Zwecken bei uns gespeichert wurden, bleiben hiervon unber\u00fchrt.<\/p>\n<p>Nach Ihrer Austragung aus der Newsletterverteilerliste wird Ihre E-Mail-Adresse bei uns bzw. dem Newsletterdiensteanbieter ggf. in einer Blacklist gespeichert, sofern dies zur Verhinderung k\u00fcnftiger Mailings erforderlich ist. Die Daten aus der Blacklist werden nur f\u00fcr diesen Zweck verwendet und nicht mit anderen Daten zusammengef\u00fchrt. Dies dient sowohl Ihrem Interesse als auch unserem Interesse an der Einhaltung der gesetzlichen Vorgaben beim Versand von Newslettern (berechtigtes Interesse im Sinne des Art. 6 Abs. 1 lit. f DSGVO). Die Speicherung in der Blacklist ist zeitlich nicht befristet.&nbsp;Sie k\u00f6nnen der Speicherung widersprechen, sofern Ihre Interessen unser berechtigtes Interesse \u00fcberwiegen.<\/p>\n<p>N\u00e4heres entnehmen Sie den Datenschutzbestimmungen von Brevo unter:&nbsp; <a href=\"https:\/\/www.brevo.com\/de\/datenschutz-uebersicht\/\" rel=\"nofollow noopener\" target=\"_blank\"><span style=\"background: white;\">https:\/\/www.brevo.com\/de\/datenschutz-uebersicht\/<\/span><\/a><span style=\"background: white;\">&nbsp;sowie&nbsp; <\/span><a href=\"https:\/\/www.brevo.com\/de\/legal\/privacypolicy\/\" rel=\"nofollow noopener\" target=\"_blank\"><span style=\"background: white;\">https:\/\/www.brevo.com\/de\/legal\/privacypolicy\/<\/span><\/a><span style=\"background: white;\">.<\/span><\/p>\n<\/div>\n<div data-elementor-setting-key=\"editor\" data-elementor-inline-editing-toolbar=\"advanced\">\n<h3>6. PLUGINS AND TOOLS<\/h3>\n<h3>Google Maps<\/h3>\n<p>This site uses the Google Maps map service via an API. It is operated by Google Inc., 1600 Amphitheatre Parkway, Mountain View, CA 94043, USA.<\/p>\n<p>To use Google Maps, it is necessary to save your IP address. This information is generally transmitted to a Google server in the USA and stored there. The provider of this site has no influence on this data transfer.<\/p>\n<p>The use of Google Maps is in the interest of making our website appealing and to facilitate the location of places specified by us on the website. This constitutes a justified interest pursuant to Art. 6 (1) (f) DSGVO.<\/p>\n<p>Further information about handling user data, can be found in the data protection declaration of Google at <a href=\"https:\/\/www.google.de\/intl\/de\/policies\/privacy\/\" target=\"_blank\" rel=\"noopener nofollow\">www.google.de\/intl\/de\/policies\/privacy\/<\/a>.<\/p>\n<\/div>\n<h3>Google reCAPTCHA<\/h3>\n<p>Wir nutzen \u201eGoogle reCAPTCHA\u201c (im Folgenden \u201ereCAPTCHA\u201c) auf dieser Website. Anbieter ist die Google Ireland Limited (\u201eGoogle\u201c), Gordon House, Barrow Street, Dublin 4, Irland.<\/p>\n<p>Mit reCAPTCHA soll \u00fcberpr\u00fcft werden, ob die Dateneingabe auf dieser Website (z.&nbsp;B. in einem Kontaktformular) durch einen Menschen oder durch ein automatisiertes Programm erfolgt. Hierzu analysiert reCAPTCHA das Verhalten des Websitebesuchers anhand verschiedener Merkmale. Diese Analyse beginnt automatisch, sobald der Websitebesucher die Website betritt. Zur Analyse wertet reCAPTCHA verschiedene Informationen aus (z.&nbsp;B. IP-Adresse, Verweildauer des Websitebesuchers auf der Website oder vom Nutzer get\u00e4tigte Mausbewegungen). Die bei der Analyse erfassten Daten werden an Google weitergeleitet.<\/p>\n<p>Die reCAPTCHA-Analysen laufen vollst\u00e4ndig im Hintergrund. Websitebesucher werden nicht darauf hingewiesen, dass eine Analyse stattfindet.<\/p>\n<p>Die Speicherung und Analyse der Daten erfolgt auf Grundlage von Art. 6 Abs. 1 lit. f DSGVO. Der Websitebetreiber hat ein berechtigtes Interesse daran, seine Webangebote vor missbr\u00e4uchlicher automatisierter Aussp\u00e4hung und vor SPAM zu sch\u00fctzen. Sofern eine entsprechende Einwilligung abgefragt wurde, erfolgt die Verarbeitung ausschlie\u00dflich auf Grundlage von Art. 6 Abs. 1 lit. a DSGVO und \u00a7 25 Abs. 1 TTDSG, soweit die Einwilligung die Speicherung von Cookies oder den Zugriff auf Informationen im Endger\u00e4t des Nutzers (z.&nbsp;B. Device-Fingerprinting) im Sinne des TTDSG umfasst. Die Einwilligung ist jederzeit widerrufbar.<\/p>\n<p>Weitere Informationen zu Google reCAPTCHA entnehmen Sie den Google-Datenschutzbestimmungen und den Google Nutzungsbedingungen unter folgenden Links:&nbsp;<a href=\"https:\/\/policies.google.com\/privacy\" target=\"_self\" rel=\"noreferrer noopener nofollow\">https:\/\/policies.google.com\/privacy<\/a>&nbsp;und&nbsp;<a href=\"https:\/\/policies.google.com\/terms?hl=de\" target=\"_self\" rel=\"noreferrer noopener nofollow\">https:\/\/policies.google.com\/terms?hl=de<\/a>.<\/p>\n<div data-elementor-setting-key=\"editor\" data-elementor-inline-editing-toolbar=\"advanced\">&nbsp;<\/div>\n<\/div>\n<\/div>\t\t\t\t\t\t\t\t<\/div>\n\t\t\t\t<\/div>\n\t\t\t\t\t<\/div>\n\t\t<\/div>\n\t\t\t\t\t<\/div>\n\t\t<\/section>\n\t\t\t\t<\/div>","protected":false},"excerpt":{"rendered":"<p>1. Datenschutz auf einen Blick Allgemeine Hinweise Die folgenden Hinweise geben einen einfachen \u00dcberblick dar\u00fcber, was mit Ihren personenbezogenen Daten passiert, wenn Sie unsere Website besuchen. Personenbezogene Daten sind alle Daten, mit denen Sie pers\u00f6nlich identifiziert werden k\u00f6nnen. Ausf\u00fchrliche Informationen zum Thema Datenschutz entnehmen Sie unserer unter diesem Text aufgef\u00fchrten Datenschutzerkl\u00e4rung. Datenerfassung auf unserer Website [&hellip;]<\/p>\n","protected":false},"author":5,"featured_media":0,"parent":0,"menu_order":0,"comment_status":"closed","ping_status":"closed","template":"","meta":{"ocean_post_layout":"","ocean_both_sidebars_style":"","ocean_both_sidebars_content_width":0,"ocean_both_sidebars_sidebars_width":0,"ocean_sidebar":"0","ocean_second_sidebar":"0","ocean_disable_margins":"enable","ocean_add_body_class":"","ocean_shortcode_before_top_bar":"","ocean_shortcode_after_top_bar":"","ocean_shortcode_before_header":"","ocean_shortcode_after_header":"","ocean_has_shortcode":"","ocean_shortcode_after_title":"","ocean_shortcode_before_footer_widgets":"","ocean_shortcode_after_footer_widgets":"","ocean_shortcode_before_footer_bottom":"","ocean_shortcode_after_footer_bottom":"","ocean_display_top_bar":"default","ocean_display_header":"default","ocean_header_style":"","ocean_center_header_left_menu":"0","ocean_custom_header_template":"0","ocean_custom_logo":0,"ocean_custom_retina_logo":0,"ocean_custom_logo_max_width":0,"ocean_custom_logo_tablet_max_width":0,"ocean_custom_logo_mobile_max_width":0,"ocean_custom_logo_max_height":0,"ocean_custom_logo_tablet_max_height":0,"ocean_custom_logo_mobile_max_height":0,"ocean_header_custom_menu":"0","ocean_menu_typo_font_family":"0","ocean_menu_typo_font_subset":"","ocean_menu_typo_font_size":0,"ocean_menu_typo_font_size_tablet":0,"ocean_menu_typo_font_size_mobile":0,"ocean_menu_typo_font_size_unit":"px","ocean_menu_typo_font_weight":"","ocean_menu_typo_font_weight_tablet":"","ocean_menu_typo_font_weight_mobile":"","ocean_menu_typo_transform":"","ocean_menu_typo_transform_tablet":"","ocean_menu_typo_transform_mobile":"","ocean_menu_typo_line_height":0,"ocean_menu_typo_line_height_tablet":0,"ocean_menu_typo_line_height_mobile":0,"ocean_menu_typo_line_height_unit":"","ocean_menu_typo_spacing":0,"ocean_menu_typo_spacing_tablet":0,"ocean_menu_typo_spacing_mobile":0,"ocean_menu_typo_spacing_unit":"","ocean_menu_link_color":"","ocean_menu_link_color_hover":"","ocean_menu_link_color_active":"","ocean_menu_link_background":"","ocean_menu_link_hover_background":"","ocean_menu_link_active_background":"","ocean_menu_social_links_bg":"","ocean_menu_social_hover_links_bg":"","ocean_menu_social_links_color":"","ocean_menu_social_hover_links_color":"","ocean_disable_title":"default","ocean_disable_heading":"default","ocean_post_title":"","ocean_post_subheading":"","ocean_post_title_style":"","ocean_post_title_background_color":"","ocean_post_title_background":0,"ocean_post_title_bg_image_position":"","ocean_post_title_bg_image_attachment":"","ocean_post_title_bg_image_repeat":"","ocean_post_title_bg_image_size":"","ocean_post_title_height":0,"ocean_post_title_bg_overlay":0.5,"ocean_post_title_bg_overlay_color":"","ocean_disable_breadcrumbs":"default","ocean_breadcrumbs_color":"","ocean_breadcrumbs_separator_color":"","ocean_breadcrumbs_links_color":"","ocean_breadcrumbs_links_hover_color":"","ocean_display_footer_widgets":"default","ocean_display_footer_bottom":"default","ocean_custom_footer_template":"0","footnotes":""},"class_list":["post-53","page","type-page","status-publish","hentry","entry"],"publishpress_future_action":{"enabled":false,"date":"2026-04-28 17:10:37","action":"change-status","newStatus":"draft","terms":[],"taxonomy":"","extraData":[]},"publishpress_future_workflow_manual_trigger":{"enabledWorkflows":[]},"_links":{"self":[{"href":"https:\/\/grasdorf-rad.eu\/en\/wp-json\/wp\/v2\/pages\/53","targetHints":{"allow":["GET"]}}],"collection":[{"href":"https:\/\/grasdorf-rad.eu\/en\/wp-json\/wp\/v2\/pages"}],"about":[{"href":"https:\/\/grasdorf-rad.eu\/en\/wp-json\/wp\/v2\/types\/page"}],"author":[{"embeddable":true,"href":"https:\/\/grasdorf-rad.eu\/en\/wp-json\/wp\/v2\/users\/5"}],"replies":[{"embeddable":true,"href":"https:\/\/grasdorf-rad.eu\/en\/wp-json\/wp\/v2\/comments?post=53"}],"version-history":[{"count":80,"href":"https:\/\/grasdorf-rad.eu\/en\/wp-json\/wp\/v2\/pages\/53\/revisions"}],"predecessor-version":[{"id":15274,"href":"https:\/\/grasdorf-rad.eu\/en\/wp-json\/wp\/v2\/pages\/53\/revisions\/15274"}],"wp:attachment":[{"href":"https:\/\/grasdorf-rad.eu\/en\/wp-json\/wp\/v2\/media?parent=53"}],"curies":[{"name":"wp","href":"https:\/\/api.w.org\/{rel}","templated":true}]}}