{"id":5082,"date":"2019-08-13T14:33:31","date_gmt":"2019-08-13T12:33:31","guid":{"rendered":"https:\/\/grasdorf-rad.eu\/?page_id=5082"},"modified":"2022-09-06T15:56:55","modified_gmt":"2022-09-06T13:56:55","slug":"wald","status":"publish","type":"page","link":"https:\/\/grasdorf-rad.eu\/en\/wald\/","title":{"rendered":"wald"},"content":{"rendered":"<div data-elementor-type=\"wp-post\" data-elementor-id=\"5082\" class=\"elementor elementor-5082\" data-elementor-post-type=\"page\">\n\t\t\t\t\t\t<section class=\"elementor-section elementor-top-section elementor-element elementor-element-57873380 elementor-section-stretched elementor-reverse-mobile elementor-section-boxed elementor-section-height-default elementor-section-height-default\" data-id=\"57873380\" data-element_type=\"section\" data-e-type=\"section\" data-settings=\"{&quot;background_background&quot;:&quot;classic&quot;,&quot;stretch_section&quot;:&quot;section-stretched&quot;}\">\n\t\t\t\t\t\t<div class=\"elementor-container elementor-column-gap-default\">\n\t\t\t\t\t<div class=\"elementor-column elementor-col-25 elementor-top-column elementor-element elementor-element-65e9966c elementor-hidden-phone\" data-id=\"65e9966c\" data-element_type=\"column\" data-e-type=\"column\">\n\t\t\t<div class=\"elementor-widget-wrap elementor-element-populated\">\n\t\t\t\t\t\t<div class=\"elementor-element elementor-element-2a4fc93a elementor-widget elementor-widget-spacer\" data-id=\"2a4fc93a\" data-element_type=\"widget\" data-e-type=\"widget\" data-widget_type=\"spacer.default\">\n\t\t\t\t<div class=\"elementor-widget-container\">\n\t\t\t\t\t\t\t<div class=\"elementor-spacer\">\n\t\t\t<div class=\"elementor-spacer-inner\"><\/div>\n\t\t<\/div>\n\t\t\t\t\t\t<\/div>\n\t\t\t\t<\/div>\n\t\t\t\t<div class=\"elementor-element elementor-element-66f43c22 elementor-nav-menu__align-start elementor-nav-menu--dropdown-none elementor-widget elementor-widget-nav-menu\" data-id=\"66f43c22\" data-element_type=\"widget\" data-e-type=\"widget\" data-settings=\"{&quot;layout&quot;:&quot;vertical&quot;,&quot;submenu_icon&quot;:{&quot;value&quot;:&quot;&lt;i class=\\&quot;\\&quot; aria-hidden=\\&quot;true\\&quot;&gt;&lt;\\\/i&gt;&quot;,&quot;library&quot;:&quot;&quot;}}\" data-widget_type=\"nav-menu.default\">\n\t\t\t\t<div class=\"elementor-widget-container\">\n\t\t\t\t\t\t\t\t<nav aria-label=\"Menu\" class=\"elementor-nav-menu--main elementor-nav-menu__container elementor-nav-menu--layout-vertical e--pointer-text e--animation-none\">\n\t\t\t\t<ul id=\"menu-1-66f43c22\" class=\"elementor-nav-menu sm-vertical\"><li class=\"menu-item menu-item-type-post_type menu-item-object-page menu-item-5093\"><a href=\"https:\/\/grasdorf-rad.eu\/en\/erdbewegung\/\" class=\"elementor-item\">Earthmoving<\/a><\/li>\n<li class=\"menu-item menu-item-type-post_type menu-item-object-page menu-item-5092\"><a href=\"https:\/\/grasdorf-rad.eu\/en\/traktor\/\" class=\"elementor-item\">Agriculture<\/a><\/li>\n<li class=\"menu-item menu-item-type-post_type menu-item-object-page menu-item-5091\"><a href=\"https:\/\/grasdorf-rad.eu\/en\/kran\/\" class=\"elementor-item\">Building industry<\/a><\/li>\n<li class=\"menu-item menu-item-type-post_type menu-item-object-page menu-item-5090\"><a href=\"https:\/\/grasdorf-rad.eu\/en\/hafen-2\/\" class=\"elementor-item\">Port<\/a><\/li>\n<li class=\"menu-item menu-item-type-post_type menu-item-object-page menu-item-5089\"><a href=\"https:\/\/grasdorf-rad.eu\/en\/mpt\/\" class=\"elementor-item\">MPT<\/a><\/li>\n<li class=\"menu-item menu-item-type-post_type menu-item-object-page menu-item-5088\"><a href=\"https:\/\/grasdorf-rad.eu\/en\/wald\/\" class=\"elementor-item\">Forestry<\/a><\/li>\n<\/ul>\t\t\t<\/nav>\n\t\t\t\t\t\t<nav class=\"elementor-nav-menu--dropdown elementor-nav-menu__container\" aria-hidden=\"true\">\n\t\t\t\t<ul id=\"menu-2-66f43c22\" class=\"elementor-nav-menu sm-vertical\"><li class=\"menu-item menu-item-type-post_type menu-item-object-page menu-item-5093\"><a href=\"https:\/\/grasdorf-rad.eu\/en\/erdbewegung\/\" class=\"elementor-item\" tabindex=\"-1\">Earthmoving<\/a><\/li>\n<li class=\"menu-item menu-item-type-post_type menu-item-object-page menu-item-5092\"><a href=\"https:\/\/grasdorf-rad.eu\/en\/traktor\/\" class=\"elementor-item\" tabindex=\"-1\">Agriculture<\/a><\/li>\n<li class=\"menu-item menu-item-type-post_type menu-item-object-page menu-item-5091\"><a href=\"https:\/\/grasdorf-rad.eu\/en\/kran\/\" class=\"elementor-item\" tabindex=\"-1\">Building industry<\/a><\/li>\n<li class=\"menu-item menu-item-type-post_type menu-item-object-page menu-item-5090\"><a href=\"https:\/\/grasdorf-rad.eu\/en\/hafen-2\/\" class=\"elementor-item\" tabindex=\"-1\">Port<\/a><\/li>\n<li class=\"menu-item menu-item-type-post_type menu-item-object-page menu-item-5089\"><a href=\"https:\/\/grasdorf-rad.eu\/en\/mpt\/\" class=\"elementor-item\" tabindex=\"-1\">MPT<\/a><\/li>\n<li class=\"menu-item menu-item-type-post_type menu-item-object-page menu-item-5088\"><a href=\"https:\/\/grasdorf-rad.eu\/en\/wald\/\" class=\"elementor-item\" tabindex=\"-1\">Forestry<\/a><\/li>\n<\/ul>\t\t\t<\/nav>\n\t\t\t\t\t\t<\/div>\n\t\t\t\t<\/div>\n\t\t\t\t\t<\/div>\n\t\t<\/div>\n\t\t\t\t<div class=\"elementor-column elementor-col-25 elementor-top-column elementor-element elementor-element-2b9d0755\" data-id=\"2b9d0755\" data-element_type=\"column\" data-e-type=\"column\">\n\t\t\t<div class=\"elementor-widget-wrap elementor-element-populated\">\n\t\t\t\t\t\t<div class=\"elementor-element elementor-element-7b83adfe elementor-widget elementor-widget-spacer\" data-id=\"7b83adfe\" data-element_type=\"widget\" data-e-type=\"widget\" data-widget_type=\"spacer.default\">\n\t\t\t\t<div class=\"elementor-widget-container\">\n\t\t\t\t\t\t\t<div class=\"elementor-spacer\">\n\t\t\t<div class=\"elementor-spacer-inner\"><\/div>\n\t\t<\/div>\n\t\t\t\t\t\t<\/div>\n\t\t\t\t<\/div>\n\t\t\t\t\t<\/div>\n\t\t<\/div>\n\t\t\t\t<div class=\"elementor-column elementor-col-25 elementor-top-column elementor-element elementor-element-50ae1585\" data-id=\"50ae1585\" data-element_type=\"column\" data-e-type=\"column\" data-settings=\"{&quot;background_background&quot;:&quot;classic&quot;}\">\n\t\t\t<div class=\"elementor-widget-wrap elementor-element-populated\">\n\t\t\t\t\t\t<div class=\"elementor-element elementor-element-49a9e0e7 elementor-widget elementor-widget-heading\" data-id=\"49a9e0e7\" data-element_type=\"widget\" data-e-type=\"widget\" data-widget_type=\"heading.default\">\n\t\t\t\t<div class=\"elementor-widget-container\">\n\t\t\t\t\t<h2 class=\"elementor-heading-title elementor-size-default\">Sustainability begins on the ground in our forests<\/h2>\t\t\t\t<\/div>\n\t\t\t\t<\/div>\n\t\t\t\t<div class=\"elementor-element elementor-element-547250c7 elementor-widget elementor-widget-text-editor\" data-id=\"547250c7\" data-element_type=\"widget\" data-e-type=\"widget\" data-widget_type=\"text-editor.default\">\n\t\t\t\t<div class=\"elementor-widget-container\">\n\t\t\t\t\t\t\t\t\t<p>Regenerative forests for biodiversity and climate protection are the goal. We lay the foundation with tires that enable safe and soil-friendly driving. <\/p>\t\t\t\t\t\t\t\t<\/div>\n\t\t\t\t<\/div>\n\t\t\t\t<div class=\"elementor-element elementor-element-22b13f2 elementor-align-left elementor-tablet-align-left elementor-widget elementor-widget-button\" data-id=\"22b13f2\" data-element_type=\"widget\" data-e-type=\"widget\" data-widget_type=\"button.default\">\n\t\t\t\t<div class=\"elementor-widget-container\">\n\t\t\t\t\t\t\t\t\t<div class=\"elementor-button-wrapper\">\n\t\t\t\t\t<a class=\"elementor-button elementor-button-link elementor-size-lg\" href=\"https:\/\/www.webshop-grasdorf.de\" rel=\"nofollow noopener\" target=\"_blank\">\n\t\t\t\t\t\t<span class=\"elementor-button-content-wrapper\">\n\t\t\t\t\t\t\t\t\t<span class=\"elementor-button-text\">Learn more<\/span>\n\t\t\t\t\t<\/span>\n\t\t\t\t\t<\/a>\n\t\t\t\t<\/div>\n\t\t\t\t\t\t\t\t<\/div>\n\t\t\t\t<\/div>\n\t\t\t\t<div class=\"elementor-element elementor-element-dc84a7d elementor-widget elementor-widget-spacer\" data-id=\"dc84a7d\" data-element_type=\"widget\" data-e-type=\"widget\" data-widget_type=\"spacer.default\">\n\t\t\t\t<div class=\"elementor-widget-container\">\n\t\t\t\t\t\t\t<div class=\"elementor-spacer\">\n\t\t\t<div class=\"elementor-spacer-inner\"><\/div>\n\t\t<\/div>\n\t\t\t\t\t\t<\/div>\n\t\t\t\t<\/div>\n\t\t\t\t<div class=\"elementor-element elementor-element-494200e ee-switcher-menu-align--left ee-switcher-skin--default ee-switcher-menu-show ee-switcher-menu-tablet-show ee-switcher-menu-mobile-hide ee-switcher-arrows-hide ee-switcher-arrows-tablet-hide ee-switcher-arrows-mobile-show ee-switcher-stack-tablet elementor-widget elementor-widget-ee-switcher\" data-id=\"494200e\" data-element_type=\"widget\" data-e-type=\"widget\" data-settings=\"{&quot;menu&quot;:&quot;show&quot;,&quot;menu_tablet&quot;:&quot;show&quot;,&quot;menu_mobile&quot;:&quot;hide&quot;,&quot;arrows&quot;:&quot;hide&quot;,&quot;arrows_tablet&quot;:&quot;hide&quot;,&quot;arrows_mobile&quot;:&quot;show&quot;,&quot;effect_entrance&quot;:&quot;yes&quot;,&quot;speed&quot;:{&quot;unit&quot;:&quot;px&quot;,&quot;size&quot;:&quot;&quot;,&quot;sizes&quot;:[]},&quot;effect_media&quot;:&quot;swipeLeft&quot;,&quot;effect_media_zoom&quot;:&quot;yes&quot;,&quot;effect_title&quot;:&quot;slideLeft&quot;,&quot;effect_title_stagger&quot;:&quot;yes&quot;}\" data-widget_type=\"ee-switcher.classic\">\n\t\t\t\t<div class=\"elementor-widget-container\">\n\t\t\t\t\t\n\t\t<div class=\"ee-switcher ee-switcher--stack-tablet\">\n\t\t\t<div class=\"ee-switcher__wrapper\">\n\t\n\t\t\t\t<div class=\"ee-switcher__media-wrapper ee-media--stretch\">\n\t\t\t\t\t\n\t\t<div class=\"ee-switcher__media ee-media ee-effect--swipeLeft\">\n\t\t\t<div class=\"ee-media__wrapper ee-switcher__media__items\">\n\t\t\t\t\n\t\t\t\t<a class=\"ee-switcher__media__item ee-media__thumbnail\" href=\"\"><img decoding=\"async\" src=\"https:\/\/grasdorf-rad.eu\/wp-content\/uploads\/GR_Felge_Austeller.jpg\" alt=\"GR_Felge_Austeller\" title=\"GR_Felge_Austeller\"\/>\n\t\t\t\t<\/a>\n\n\t\t\t\t\n\t\t\t\t<a class=\"ee-switcher__media__item ee-media__thumbnail\" href=\"\"><img decoding=\"async\" src=\"https:\/\/grasdorf-rad.eu\/wp-content\/uploads\/Nokian_reifen_moos_rund.jpg\" alt=\"Nokian_reifen_moos_rund\" title=\"Nokian_reifen_moos_rund\"\/>\n\t\t\t\t<\/a>\n\n\t\t\t\t\n\t\t\t\t<a class=\"ee-switcher__media__item ee-media__thumbnail\" href=\"\"><img decoding=\"async\" src=\"https:\/\/grasdorf-rad.eu\/wp-content\/uploads\/Forest_Rider_h.jpg\" alt=\"Forest_Rider_h\" title=\"Forest_Rider_h\"\/>\n\t\t\t\t<\/a>\n\n\t\t\t\t\t\t\t<\/div>\n\t\t\t<div class=\"ee-switcher__media__overlay ee-media__overlay\"><\/div>\n\t\t<\/div>\n\n\t\t\t\t\t\t<\/div>\n\n\t\t\t\t<div class=\"ee-switcher__content-wrapper\">\n\t\t\t\t\t<div class=\"ee-switcher__content\">\n\t\t\t\t\t\t<div class=\"ee-switcher__titles\">\n\t\t\t\n\t\t\t<a class=\"ee-switcher__titles__title\" href=\"\">\n\t\t\t\t<h1 class=\"ee-switcher__title\">Belastbar,<\/h1>\n\t\t\t<\/a>\n\n\t\t\t\n\t\t\t<a class=\"ee-switcher__titles__title\" href=\"\">\n\t\t\t\t<h1 class=\"ee-switcher__title\">Schnittfest<\/h1>\n\t\t\t<\/a>\n\n\t\t\t\n\t\t\t<a class=\"ee-switcher__titles__title\" href=\"\">\n\t\t\t\t<h1 class=\"ee-switcher__title\">Aufeinander abgestimmt,<\/h1>\n\t\t\t<\/a>\n\n\t\t\t\t\t<\/div>\n\n\t\t\n\t\t<ul  class=\"ee-switcher__nav ee-nav ee-nav--stacked\">\n\t\t\t\n\t\t\t<li class=\"ee-switcher__nav__item ee-nav__item elementor-repeater-item-3fb3ad7\"><span >long-lasting,<\/span><span class=\"ee-loader\">\n\t\t\t\t\t<span class=\"ee-loader__progress\"><\/span>\n\t\t\t\t<\/span>\n\t\t\t<\/li>\n\n\t\t\t\n\t\t\t<li class=\"ee-switcher__nav__item ee-nav__item elementor-repeater-item-852d3bf\"><span >adaptive,<\/span><span class=\"ee-loader\">\n\t\t\t\t\t<span class=\"ee-loader__progress\"><\/span>\n\t\t\t\t<\/span>\n\t\t\t<\/li>\n\n\t\t\t\n\t\t\t<li class=\"ee-switcher__nav__item ee-nav__item elementor-repeater-item-8386850\"><span >safely in operation.<\/span><span class=\"ee-loader\">\n\t\t\t\t\t<span class=\"ee-loader__progress\"><\/span>\n\t\t\t\t<\/span>\n\t\t\t<\/li>\n\n\t\t\t\t\t<\/ul>\n\n\t\t\n\t\t<ul class=\"ee-switcher__arrows\">\n\t\t\t<li class=\"ee-arrow ee-arrow--prev\">\n\t\t\t\t<i class=\"eicon-chevron-left\"><\/i>\n\t\t\t<\/li>\n\t\t\t<li class=\"ee-arrow ee-arrow--next\">\n\t\t\t\t<i class=\"eicon-chevron-right\"><\/i>\n\t\t\t\t<svg x=\"0px\" y=\"0px\" viewbox=\"0 0 80 80\" xml:space=\"preserve\" class=\"ee-arrow__svg\">\n\t\t\t\t\t<defs>\n\t\t\t\t\t\t<clippath id=\"clipLoader494200e\">\n\t\t\t\t\t\t\t<circle cx=\"40\" cy=\"40\" r=\"40\"\/>\n\t\t\t\t\t\t<\/clippath>\n\t\t\t\t\t<\/defs>\n\t\t\t\t\t<circle transform=\"rotate(-90 40 40)\" class=\"ee-arrow__circle--loader\" stroke-dasharray=\"227\" stroke-dashoffset=\"227\" cx=\"40\" cy=\"40\" r=\"40\" fill=\"transparent\" stroke=\"transparent\" stroke-width=\"4\" vector-effect=\"non-scaling-stroke\" clip-path=\"url(#clipLoader494200e)\" \/>\n\t\t\t\t<\/svg>\n\t\t\t<\/li>\n\t\t<\/ul>\t\t\t\t\t<\/div>\n\t\t\t\t<\/div>\n\n\t\t\t<\/div>\n\t\t<\/div>\n\n\t\t\t\t\t\t<\/div>\n\t\t\t\t<\/div>\n\t\t\t\t<div class=\"elementor-element elementor-element-ea3c42c elementor-widget elementor-widget-spacer\" data-id=\"ea3c42c\" data-element_type=\"widget\" data-e-type=\"widget\" data-widget_type=\"spacer.default\">\n\t\t\t\t<div class=\"elementor-widget-container\">\n\t\t\t\t\t\t\t<div class=\"elementor-spacer\">\n\t\t\t<div class=\"elementor-spacer-inner\"><\/div>\n\t\t<\/div>\n\t\t\t\t\t\t<\/div>\n\t\t\t\t<\/div>\n\t\t\t\t\t<\/div>\n\t\t<\/div>\n\t\t\t\t<div class=\"elementor-column elementor-col-25 elementor-top-column elementor-element elementor-element-657effb4\" data-id=\"657effb4\" data-element_type=\"column\" data-e-type=\"column\" data-settings=\"{&quot;background_background&quot;:&quot;classic&quot;}\">\n\t\t\t<div class=\"elementor-widget-wrap elementor-element-populated\">\n\t\t\t\t\t\t<div class=\"elementor-element elementor-element-368afc05 elementor-widget elementor-widget-image\" data-id=\"368afc05\" data-element_type=\"widget\" data-e-type=\"widget\" data-widget_type=\"image.default\">\n\t\t\t\t<div class=\"elementor-widget-container\">\n\t\t\t\t\t\t\t\t\t\t\t\t\t\t\t<img fetchpriority=\"high\" decoding=\"async\" width=\"480\" height=\"720\" src=\"https:\/\/grasdorf-rad.eu\/wp-content\/uploads\/NO_Forest_King_F_SF.tif.png\" class=\"attachment-full size-full wp-image-5061\" alt=\"\" srcset=\"https:\/\/grasdorf-rad.eu\/wp-content\/uploads\/NO_Forest_King_F_SF.tif.png 480w, https:\/\/grasdorf-rad.eu\/wp-content\/uploads\/NO_Forest_King_F_SF.tif-200x300.png 200w\" sizes=\"(max-width: 480px) 100vw, 480px\">\t\t\t\t\t\t\t\t\t\t\t\t\t\t\t<\/div>\n\t\t\t\t<\/div>\n\t\t\t\t\t<\/div>\n\t\t<\/div>\n\t\t\t\t\t<\/div>\n\t\t<\/section>\n\t\t\t\t<section class=\"elementor-section elementor-top-section elementor-element elementor-element-357bf9d elementor-section-stretched elementor-hidden-phone elementor-section-boxed elementor-section-height-default elementor-section-height-default\" data-id=\"357bf9d\" data-element_type=\"section\" data-e-type=\"section\" data-settings=\"{&quot;stretch_section&quot;:&quot;section-stretched&quot;}\">\n\t\t\t\t\t\t<div class=\"elementor-container elementor-column-gap-default\">\n\t\t\t\t\t<div class=\"elementor-column elementor-col-50 elementor-top-column elementor-element elementor-element-516f49a\" data-id=\"516f49a\" data-element_type=\"column\" data-e-type=\"column\">\n\t\t\t<div class=\"elementor-widget-wrap\">\n\t\t\t\t\t\t\t<\/div>\n\t\t<\/div>\n\t\t\t\t<div class=\"elementor-column elementor-col-50 elementor-top-column elementor-element elementor-element-e03fa9d elementor-hidden-phone\" data-id=\"e03fa9d\" data-element_type=\"column\" data-e-type=\"column\">\n\t\t\t<div class=\"elementor-widget-wrap\">\n\t\t\t\t\t\t\t<\/div>\n\t\t<\/div>\n\t\t\t\t\t<\/div>\n\t\t<\/section>\n\t\t\t\t<\/div>","protected":false},"excerpt":{"rendered":"<p>Nachhaltigkeit beginnt auf dem Boden unserer W\u00e4lder Regenerative W\u00e4lder f\u00fcr Artenvielfalt und Klimaschutz sind das Ziel. Wir legen den Grundstein mit Bereifung, die bodenschonende und sichere Befahrung erm\u00f6glicht. Mehr erfahren Belastbar, Schnittfest Aufeinander abgestimmt, langlebig, adaptiv, sicher im Einsatz.<\/p>","protected":false},"author":5,"featured_media":0,"parent":0,"menu_order":0,"comment_status":"closed","ping_status":"closed","template":"","meta":{"ocean_post_layout":"","ocean_both_sidebars_style":"","ocean_both_sidebars_content_width":0,"ocean_both_sidebars_sidebars_width":0,"ocean_sidebar":"0","ocean_second_sidebar":"0","ocean_disable_margins":"on","ocean_add_body_class":"","ocean_shortcode_before_top_bar":"","ocean_shortcode_after_top_bar":"","ocean_shortcode_before_header":"","ocean_shortcode_after_header":"","ocean_has_shortcode":"","ocean_shortcode_after_title":"","ocean_shortcode_before_footer_widgets":"","ocean_shortcode_after_footer_widgets":"","ocean_shortcode_before_footer_bottom":"","ocean_shortcode_after_footer_bottom":"","ocean_display_top_bar":"off","ocean_display_header":"on","ocean_header_style":"","ocean_center_header_left_menu":"0","ocean_custom_header_template":"0","ocean_custom_logo":0,"ocean_custom_retina_logo":0,"ocean_custom_logo_max_width":0,"ocean_custom_logo_tablet_max_width":0,"ocean_custom_logo_mobile_max_width":0,"ocean_custom_logo_max_height":0,"ocean_custom_logo_tablet_max_height":0,"ocean_custom_logo_mobile_max_height":0,"ocean_header_custom_menu":"0","ocean_menu_typo_font_family":"0","ocean_menu_typo_font_subset":"","ocean_menu_typo_font_size":0,"ocean_menu_typo_font_size_tablet":0,"ocean_menu_typo_font_size_mobile":0,"ocean_menu_typo_font_size_unit":"px","ocean_menu_typo_font_weight":"","ocean_menu_typo_font_weight_tablet":"","ocean_menu_typo_font_weight_mobile":"","ocean_menu_typo_transform":"","ocean_menu_typo_transform_tablet":"","ocean_menu_typo_transform_mobile":"","ocean_menu_typo_line_height":0,"ocean_menu_typo_line_height_tablet":0,"ocean_menu_typo_line_height_mobile":0,"ocean_menu_typo_line_height_unit":"","ocean_menu_typo_spacing":0,"ocean_menu_typo_spacing_tablet":0,"ocean_menu_typo_spacing_mobile":0,"ocean_menu_typo_spacing_unit":"","ocean_menu_link_color":"","ocean_menu_link_color_hover":"","ocean_menu_link_color_active":"","ocean_menu_link_background":"","ocean_menu_link_hover_background":"","ocean_menu_link_active_background":"","ocean_menu_social_links_bg":"","ocean_menu_social_hover_links_bg":"","ocean_menu_social_links_color":"","ocean_menu_social_hover_links_color":"","ocean_disable_title":"default","ocean_disable_heading":"default","ocean_post_title":"","ocean_post_subheading":"","ocean_post_title_style":"","ocean_post_title_background_color":"","ocean_post_title_background":0,"ocean_post_title_bg_image_position":"","ocean_post_title_bg_image_attachment":"","ocean_post_title_bg_image_repeat":"","ocean_post_title_bg_image_size":"","ocean_post_title_height":0,"ocean_post_title_bg_overlay":0.5,"ocean_post_title_bg_overlay_color":"","ocean_disable_breadcrumbs":"default","ocean_breadcrumbs_color":"","ocean_breadcrumbs_separator_color":"","ocean_breadcrumbs_links_color":"","ocean_breadcrumbs_links_hover_color":"","ocean_display_footer_widgets":"default","ocean_display_footer_bottom":"default","ocean_custom_footer_template":"0","footnotes":""},"class_list":["post-5082","page","type-page","status-publish","hentry","entry"],"publishpress_future_action":{"enabled":false,"date":"2026-05-21 12:20:49","action":"change-status","newStatus":"draft","terms":[],"taxonomy":"","extraData":[]},"publishpress_future_workflow_manual_trigger":{"enabledWorkflows":[]},"_links":{"self":[{"href":"https:\/\/grasdorf-rad.eu\/en\/wp-json\/wp\/v2\/pages\/5082","targetHints":{"allow":["GET"]}}],"collection":[{"href":"https:\/\/grasdorf-rad.eu\/en\/wp-json\/wp\/v2\/pages"}],"about":[{"href":"https:\/\/grasdorf-rad.eu\/en\/wp-json\/wp\/v2\/types\/page"}],"author":[{"embeddable":true,"href":"https:\/\/grasdorf-rad.eu\/en\/wp-json\/wp\/v2\/users\/5"}],"replies":[{"embeddable":true,"href":"https:\/\/grasdorf-rad.eu\/en\/wp-json\/wp\/v2\/comments?post=5082"}],"version-history":[{"count":100,"href":"https:\/\/grasdorf-rad.eu\/en\/wp-json\/wp\/v2\/pages\/5082\/revisions"}],"predecessor-version":[{"id":11559,"href":"https:\/\/grasdorf-rad.eu\/en\/wp-json\/wp\/v2\/pages\/5082\/revisions\/11559"}],"wp:attachment":[{"href":"https:\/\/grasdorf-rad.eu\/en\/wp-json\/wp\/v2\/media?parent=5082"}],"curies":[{"name":"wp","href":"https:\/\/api.w.org\/{rel}","templated":true}]}}