{"id":5078,"date":"2019-08-13T14:25:36","date_gmt":"2019-08-13T12:25:36","guid":{"rendered":"https:\/\/grasdorf-rad.eu\/?page_id=5078"},"modified":"2022-09-06T15:52:03","modified_gmt":"2022-09-06T13:52:03","slug":"mpt","status":"publish","type":"page","link":"https:\/\/grasdorf-rad.eu\/en\/mpt\/","title":{"rendered":"mpt"},"content":{"rendered":"<div data-elementor-type=\"wp-post\" data-elementor-id=\"5078\" class=\"elementor elementor-5078\" data-elementor-post-type=\"page\">\n\t\t\t\t\t\t<section class=\"elementor-section elementor-top-section elementor-element elementor-element-75fcd5fa elementor-section-stretched elementor-reverse-mobile elementor-section-boxed elementor-section-height-default elementor-section-height-default\" data-id=\"75fcd5fa\" data-element_type=\"section\" data-e-type=\"section\" data-settings=\"{&quot;background_background&quot;:&quot;classic&quot;,&quot;stretch_section&quot;:&quot;section-stretched&quot;}\">\n\t\t\t\t\t\t<div class=\"elementor-container elementor-column-gap-default\">\n\t\t\t\t\t<div class=\"elementor-column elementor-col-25 elementor-top-column elementor-element elementor-element-27e1500 elementor-hidden-phone\" data-id=\"27e1500\" data-element_type=\"column\" data-e-type=\"column\">\n\t\t\t<div class=\"elementor-widget-wrap elementor-element-populated\">\n\t\t\t\t\t\t<div class=\"elementor-element elementor-element-dfcc091 elementor-widget elementor-widget-spacer\" data-id=\"dfcc091\" data-element_type=\"widget\" data-e-type=\"widget\" data-widget_type=\"spacer.default\">\n\t\t\t\t<div class=\"elementor-widget-container\">\n\t\t\t\t\t\t\t<div class=\"elementor-spacer\">\n\t\t\t<div class=\"elementor-spacer-inner\"><\/div>\n\t\t<\/div>\n\t\t\t\t\t\t<\/div>\n\t\t\t\t<\/div>\n\t\t\t\t<div class=\"elementor-element elementor-element-59ba98b7 elementor-nav-menu__align-start elementor-nav-menu--dropdown-none elementor-widget elementor-widget-nav-menu\" data-id=\"59ba98b7\" data-element_type=\"widget\" data-e-type=\"widget\" data-settings=\"{&quot;layout&quot;:&quot;vertical&quot;,&quot;submenu_icon&quot;:{&quot;value&quot;:&quot;&lt;i class=\\&quot;\\&quot; aria-hidden=\\&quot;true\\&quot;&gt;&lt;\\\/i&gt;&quot;,&quot;library&quot;:&quot;&quot;}}\" data-widget_type=\"nav-menu.default\">\n\t\t\t\t<div class=\"elementor-widget-container\">\n\t\t\t\t\t\t\t\t<nav aria-label=\"Menu\" class=\"elementor-nav-menu--main elementor-nav-menu__container elementor-nav-menu--layout-vertical e--pointer-text e--animation-none\">\n\t\t\t\t<ul id=\"menu-1-59ba98b7\" class=\"elementor-nav-menu sm-vertical\"><li class=\"menu-item menu-item-type-post_type menu-item-object-page menu-item-5093\"><a href=\"https:\/\/grasdorf-rad.eu\/en\/erdbewegung\/\" class=\"elementor-item\">Earthmoving<\/a><\/li>\n<li class=\"menu-item menu-item-type-post_type menu-item-object-page menu-item-5092\"><a href=\"https:\/\/grasdorf-rad.eu\/en\/traktor\/\" class=\"elementor-item\">Agriculture<\/a><\/li>\n<li class=\"menu-item menu-item-type-post_type menu-item-object-page menu-item-5091\"><a href=\"https:\/\/grasdorf-rad.eu\/en\/kran\/\" class=\"elementor-item\">Building industry<\/a><\/li>\n<li class=\"menu-item menu-item-type-post_type menu-item-object-page menu-item-5090\"><a href=\"https:\/\/grasdorf-rad.eu\/en\/hafen-2\/\" class=\"elementor-item\">Port<\/a><\/li>\n<li class=\"menu-item menu-item-type-post_type menu-item-object-page menu-item-5089\"><a href=\"https:\/\/grasdorf-rad.eu\/en\/mpt\/\" class=\"elementor-item\">MPT<\/a><\/li>\n<li class=\"menu-item menu-item-type-post_type menu-item-object-page menu-item-5088\"><a href=\"https:\/\/grasdorf-rad.eu\/en\/wald\/\" class=\"elementor-item\">Forestry<\/a><\/li>\n<\/ul>\t\t\t<\/nav>\n\t\t\t\t\t\t<nav class=\"elementor-nav-menu--dropdown elementor-nav-menu__container\" aria-hidden=\"true\">\n\t\t\t\t<ul id=\"menu-2-59ba98b7\" class=\"elementor-nav-menu sm-vertical\"><li class=\"menu-item menu-item-type-post_type menu-item-object-page menu-item-5093\"><a href=\"https:\/\/grasdorf-rad.eu\/en\/erdbewegung\/\" class=\"elementor-item\" tabindex=\"-1\">Earthmoving<\/a><\/li>\n<li class=\"menu-item menu-item-type-post_type menu-item-object-page menu-item-5092\"><a href=\"https:\/\/grasdorf-rad.eu\/en\/traktor\/\" class=\"elementor-item\" tabindex=\"-1\">Agriculture<\/a><\/li>\n<li class=\"menu-item menu-item-type-post_type menu-item-object-page menu-item-5091\"><a href=\"https:\/\/grasdorf-rad.eu\/en\/kran\/\" class=\"elementor-item\" tabindex=\"-1\">Building industry<\/a><\/li>\n<li class=\"menu-item menu-item-type-post_type menu-item-object-page menu-item-5090\"><a href=\"https:\/\/grasdorf-rad.eu\/en\/hafen-2\/\" class=\"elementor-item\" tabindex=\"-1\">Port<\/a><\/li>\n<li class=\"menu-item menu-item-type-post_type menu-item-object-page menu-item-5089\"><a href=\"https:\/\/grasdorf-rad.eu\/en\/mpt\/\" class=\"elementor-item\" tabindex=\"-1\">MPT<\/a><\/li>\n<li class=\"menu-item menu-item-type-post_type menu-item-object-page menu-item-5088\"><a href=\"https:\/\/grasdorf-rad.eu\/en\/wald\/\" class=\"elementor-item\" tabindex=\"-1\">Forestry<\/a><\/li>\n<\/ul>\t\t\t<\/nav>\n\t\t\t\t\t\t<\/div>\n\t\t\t\t<\/div>\n\t\t\t\t\t<\/div>\n\t\t<\/div>\n\t\t\t\t<div class=\"elementor-column elementor-col-25 elementor-top-column elementor-element elementor-element-4a5f144c\" data-id=\"4a5f144c\" data-element_type=\"column\" data-e-type=\"column\">\n\t\t\t<div class=\"elementor-widget-wrap elementor-element-populated\">\n\t\t\t\t\t\t<div class=\"elementor-element elementor-element-4179525f elementor-widget elementor-widget-spacer\" data-id=\"4179525f\" data-element_type=\"widget\" data-e-type=\"widget\" data-widget_type=\"spacer.default\">\n\t\t\t\t<div class=\"elementor-widget-container\">\n\t\t\t\t\t\t\t<div class=\"elementor-spacer\">\n\t\t\t<div class=\"elementor-spacer-inner\"><\/div>\n\t\t<\/div>\n\t\t\t\t\t\t<\/div>\n\t\t\t\t<\/div>\n\t\t\t\t\t<\/div>\n\t\t<\/div>\n\t\t\t\t<div class=\"elementor-column elementor-col-25 elementor-top-column elementor-element elementor-element-63e5cd46\" data-id=\"63e5cd46\" data-element_type=\"column\" data-e-type=\"column\" data-settings=\"{&quot;background_background&quot;:&quot;classic&quot;}\">\n\t\t\t<div class=\"elementor-widget-wrap elementor-element-populated\">\n\t\t\t\t\t\t<div class=\"elementor-element elementor-element-5ece7b40 elementor-widget elementor-widget-heading\" data-id=\"5ece7b40\" data-element_type=\"widget\" data-e-type=\"widget\" data-widget_type=\"heading.default\">\n\t\t\t\t<div class=\"elementor-widget-container\">\n\t\t\t\t\t<h2 class=\"elementor-heading-title elementor-size-default\">Be ready to drive on any surface<\/h2>\t\t\t\t<\/div>\n\t\t\t\t<\/div>\n\t\t\t\t<div class=\"elementor-element elementor-element-5746f18 elementor-widget elementor-widget-text-editor\" data-id=\"5746f18\" data-element_type=\"widget\" data-e-type=\"widget\" data-widget_type=\"text-editor.default\">\n\t\t\t\t<div class=\"elementor-widget-container\">\n\t\t\t\t\t\t\t\t\t<p>Be prepared for anything if conditions suddenly change. Off- or on-road, wet or dry, heat or cold. Make sure that your tyre is not an \"or\" decision. <\/p>\t\t\t\t\t\t\t\t<\/div>\n\t\t\t\t<\/div>\n\t\t\t\t<div class=\"elementor-element elementor-element-593f822 elementor-align-left elementor-tablet-align-left elementor-widget elementor-widget-button\" data-id=\"593f822\" data-element_type=\"widget\" data-e-type=\"widget\" data-widget_type=\"button.default\">\n\t\t\t\t<div class=\"elementor-widget-container\">\n\t\t\t\t\t\t\t\t\t<div class=\"elementor-button-wrapper\">\n\t\t\t\t\t<a class=\"elementor-button elementor-button-link elementor-size-lg\" href=\"https:\/\/www.webshop-grasdorf.de\" rel=\"nofollow noopener\" target=\"_blank\">\n\t\t\t\t\t\t<span class=\"elementor-button-content-wrapper\">\n\t\t\t\t\t\t\t\t\t<span class=\"elementor-button-text\">Learn more<\/span>\n\t\t\t\t\t<\/span>\n\t\t\t\t\t<\/a>\n\t\t\t\t<\/div>\n\t\t\t\t\t\t\t\t<\/div>\n\t\t\t\t<\/div>\n\t\t\t\t<div class=\"elementor-element elementor-element-6c5a54ba elementor-widget elementor-widget-spacer\" data-id=\"6c5a54ba\" data-element_type=\"widget\" data-e-type=\"widget\" data-widget_type=\"spacer.default\">\n\t\t\t\t<div class=\"elementor-widget-container\">\n\t\t\t\t\t\t\t<div class=\"elementor-spacer\">\n\t\t\t<div class=\"elementor-spacer-inner\"><\/div>\n\t\t<\/div>\n\t\t\t\t\t\t<\/div>\n\t\t\t\t<\/div>\n\t\t\t\t<div class=\"elementor-element elementor-element-29ee76d1 ee-switcher-menu-align--left ee-switcher-skin--default ee-switcher-menu-show ee-switcher-menu-tablet-show ee-switcher-menu-mobile-hide ee-switcher-arrows-hide ee-switcher-arrows-tablet-hide ee-switcher-arrows-mobile-show ee-switcher-stack-tablet elementor-widget elementor-widget-ee-switcher\" data-id=\"29ee76d1\" data-element_type=\"widget\" data-e-type=\"widget\" data-settings=\"{&quot;menu&quot;:&quot;show&quot;,&quot;menu_tablet&quot;:&quot;show&quot;,&quot;menu_mobile&quot;:&quot;hide&quot;,&quot;arrows&quot;:&quot;hide&quot;,&quot;arrows_tablet&quot;:&quot;hide&quot;,&quot;arrows_mobile&quot;:&quot;show&quot;,&quot;effect_entrance&quot;:&quot;yes&quot;,&quot;speed&quot;:{&quot;unit&quot;:&quot;px&quot;,&quot;size&quot;:&quot;&quot;,&quot;sizes&quot;:[]},&quot;effect_media&quot;:&quot;swipeLeft&quot;,&quot;effect_media_zoom&quot;:&quot;yes&quot;,&quot;effect_title&quot;:&quot;slideLeft&quot;,&quot;effect_title_stagger&quot;:&quot;yes&quot;}\" data-widget_type=\"ee-switcher.classic\">\n\t\t\t\t<div class=\"elementor-widget-container\">\n\t\t\t\t\t\n\t\t<div class=\"ee-switcher ee-switcher--stack-tablet\">\n\t\t\t<div class=\"ee-switcher__wrapper\">\n\t\n\t\t\t\t<div class=\"ee-switcher__media-wrapper ee-media--stretch\">\n\t\t\t\t\t\n\t\t<div class=\"ee-switcher__media ee-media ee-effect--swipeLeft\">\n\t\t\t<div class=\"ee-media__wrapper ee-switcher__media__items\">\n\t\t\t\t\n\t\t\t\t<a class=\"ee-switcher__media__item ee-media__thumbnail\" href=\"\"><img decoding=\"async\" src=\"https:\/\/grasdorf-rad.eu\/wp-content\/uploads\/GR_Felge_Austeller_Kupfer.jpg\" alt=\"GR_Felge_Austeller_Kupfer\" title=\"GR_Felge_Austeller_Kupfer\"\/>\n\t\t\t\t<\/a>\n\n\t\t\t\t\n\t\t\t\t<a class=\"ee-switcher__media__item ee-media__thumbnail\" href=\"\"><img decoding=\"async\" src=\"https:\/\/grasdorf-rad.eu\/wp-content\/plugins\/elementor\/assets\/images\/placeholder.png\" alt=\"\" title=\"\">\n\t\t\t\t<\/a>\n\n\t\t\t\t\n\t\t\t\t<a class=\"ee-switcher__media__item ee-media__thumbnail\" href=\"\"><img decoding=\"async\" src=\"https:\/\/grasdorf-rad.eu\/wp-content\/uploads\/mpt_action.jpg\" alt=\"mpt_action\" title=\"mpt_action\"\/>\n\t\t\t\t<\/a>\n\n\t\t\t\t\t\t\t<\/div>\n\t\t\t<div class=\"ee-switcher__media__overlay ee-media__overlay\"><\/div>\n\t\t<\/div>\n\n\t\t\t\t\t\t<\/div>\n\n\t\t\t\t<div class=\"ee-switcher__content-wrapper\">\n\t\t\t\t\t<div class=\"ee-switcher__content\">\n\t\t\t\t\t\t<div class=\"ee-switcher__titles\">\n\t\t\t\n\t\t\t<a class=\"ee-switcher__titles__title\" href=\"\">\n\t\t\t\t<h1 class=\"ee-switcher__title\">Stabilit\u00e4t,<\/h1>\n\t\t\t<\/a>\n\n\t\t\t\n\t\t\t<a class=\"ee-switcher__titles__title\" href=\"\">\n\t\t\t\t<h1 class=\"ee-switcher__title\">Vielseitig,<\/h1>\n\t\t\t<\/a>\n\n\t\t\t\n\t\t\t<a class=\"ee-switcher__titles__title\" href=\"\">\n\t\t\t\t<h1 class=\"ee-switcher__title\">Aufeinander abgestimmt,<\/h1>\n\t\t\t<\/a>\n\n\t\t\t\t\t<\/div>\n\n\t\t\n\t\t<ul  class=\"ee-switcher__nav ee-nav ee-nav--stacked\">\n\t\t\t\n\t\t\t<li class=\"ee-switcher__nav__item ee-nav__item elementor-repeater-item-3fb3ad7\"><span >reliable,<\/span><span class=\"ee-loader\">\n\t\t\t\t\t<span class=\"ee-loader__progress\"><\/span>\n\t\t\t\t<\/span>\n\t\t\t<\/li>\n\n\t\t\t\n\t\t\t<li class=\"ee-switcher__nav__item ee-nav__item elementor-repeater-item-852d3bf\"><span >ready for any situation,<\/span><span class=\"ee-loader\">\n\t\t\t\t\t<span class=\"ee-loader__progress\"><\/span>\n\t\t\t\t<\/span>\n\t\t\t<\/li>\n\n\t\t\t\n\t\t\t<li class=\"ee-switcher__nav__item ee-nav__item elementor-repeater-item-8386850\"><span >maximum power.<\/span><span class=\"ee-loader\">\n\t\t\t\t\t<span class=\"ee-loader__progress\"><\/span>\n\t\t\t\t<\/span>\n\t\t\t<\/li>\n\n\t\t\t\t\t<\/ul>\n\n\t\t\n\t\t<ul class=\"ee-switcher__arrows\">\n\t\t\t<li class=\"ee-arrow ee-arrow--prev\">\n\t\t\t\t<i class=\"eicon-chevron-left\"><\/i>\n\t\t\t<\/li>\n\t\t\t<li class=\"ee-arrow ee-arrow--next\">\n\t\t\t\t<i class=\"eicon-chevron-right\"><\/i>\n\t\t\t\t<svg x=\"0px\" y=\"0px\" viewbox=\"0 0 80 80\" xml:space=\"preserve\" class=\"ee-arrow__svg\">\n\t\t\t\t\t<defs>\n\t\t\t\t\t\t<clippath id=\"clipLoader29ee76d1\">\n\t\t\t\t\t\t\t<circle cx=\"40\" cy=\"40\" r=\"40\"\/>\n\t\t\t\t\t\t<\/clippath>\n\t\t\t\t\t<\/defs>\n\t\t\t\t\t<circle transform=\"rotate(-90 40 40)\" class=\"ee-arrow__circle--loader\" stroke-dasharray=\"227\" stroke-dashoffset=\"227\" cx=\"40\" cy=\"40\" r=\"40\" fill=\"transparent\" stroke=\"transparent\" stroke-width=\"4\" vector-effect=\"non-scaling-stroke\" clip-path=\"url(#clipLoader29ee76d1)\" \/>\n\t\t\t\t<\/svg>\n\t\t\t<\/li>\n\t\t<\/ul>\t\t\t\t\t<\/div>\n\t\t\t\t<\/div>\n\n\t\t\t<\/div>\n\t\t<\/div>\n\n\t\t\t\t\t\t<\/div>\n\t\t\t\t<\/div>\n\t\t\t\t<div class=\"elementor-element elementor-element-19d76b61 elementor-widget elementor-widget-spacer\" data-id=\"19d76b61\" data-element_type=\"widget\" data-e-type=\"widget\" data-widget_type=\"spacer.default\">\n\t\t\t\t<div class=\"elementor-widget-container\">\n\t\t\t\t\t\t\t<div class=\"elementor-spacer\">\n\t\t\t<div class=\"elementor-spacer-inner\"><\/div>\n\t\t<\/div>\n\t\t\t\t\t\t<\/div>\n\t\t\t\t<\/div>\n\t\t\t\t\t<\/div>\n\t\t<\/div>\n\t\t\t\t<div class=\"elementor-column elementor-col-25 elementor-top-column elementor-element elementor-element-7c0f23f6\" data-id=\"7c0f23f6\" data-element_type=\"column\" data-e-type=\"column\" data-settings=\"{&quot;background_background&quot;:&quot;classic&quot;}\">\n\t\t\t<div class=\"elementor-widget-wrap elementor-element-populated\">\n\t\t\t\t\t\t<div class=\"elementor-element elementor-element-1bac0740 elementor-widget elementor-widget-image\" data-id=\"1bac0740\" data-element_type=\"widget\" data-e-type=\"widget\" data-widget_type=\"image.default\">\n\t\t\t\t<div class=\"elementor-widget-container\">\n\t\t\t\t\t\t\t\t\t\t\t\t\t\t\t<img fetchpriority=\"high\" decoding=\"async\" width=\"480\" height=\"720\" src=\"https:\/\/grasdorf-rad.eu\/wp-content\/uploads\/MIT_ERD-30.png\" class=\"attachment-full size-full wp-image-5062\" alt=\"\" srcset=\"https:\/\/grasdorf-rad.eu\/wp-content\/uploads\/MIT_ERD-30.png 480w, https:\/\/grasdorf-rad.eu\/wp-content\/uploads\/MIT_ERD-30-200x300.png 200w\" sizes=\"(max-width: 480px) 100vw, 480px\">\t\t\t\t\t\t\t\t\t\t\t\t\t\t\t<\/div>\n\t\t\t\t<\/div>\n\t\t\t\t\t<\/div>\n\t\t<\/div>\n\t\t\t\t\t<\/div>\n\t\t<\/section>\n\t\t\t\t<section class=\"elementor-section elementor-top-section elementor-element elementor-element-134eb7ff elementor-section-stretched elementor-hidden-phone elementor-section-boxed elementor-section-height-default elementor-section-height-default\" data-id=\"134eb7ff\" data-element_type=\"section\" data-e-type=\"section\" data-settings=\"{&quot;stretch_section&quot;:&quot;section-stretched&quot;}\">\n\t\t\t\t\t\t<div class=\"elementor-container elementor-column-gap-default\">\n\t\t\t\t\t<div class=\"elementor-column elementor-col-50 elementor-top-column elementor-element elementor-element-5a73232a\" data-id=\"5a73232a\" data-element_type=\"column\" data-e-type=\"column\">\n\t\t\t<div class=\"elementor-widget-wrap\">\n\t\t\t\t\t\t\t<\/div>\n\t\t<\/div>\n\t\t\t\t<div class=\"elementor-column elementor-col-50 elementor-top-column elementor-element elementor-element-58963471 elementor-hidden-phone\" data-id=\"58963471\" data-element_type=\"column\" data-e-type=\"column\">\n\t\t\t<div class=\"elementor-widget-wrap\">\n\t\t\t\t\t\t\t<\/div>\n\t\t<\/div>\n\t\t\t\t\t<\/div>\n\t\t<\/section>\n\t\t\t\t<\/div>","protected":false},"excerpt":{"rendered":"<p>Auf jedem Untergrund fahrbereit sein Auf alles vorbereitet sein, wenn sich die Bedingungen pl\u00f6tzlich \u00e4ndern. Off- oder On-road, N\u00e4sse oder Trockenheit, Hitze oder K\u00e4lte. Sorgen Sie daf\u00fcr, dass Ihr Reifen keine Oder-Entscheidung ist. Mehr erfahren Stabilit\u00e4t, Vielseitig, Aufeinander abgestimmt, zuverl\u00e4ssig, f\u00fcr jede Situation bereit, maximale Leistung.<\/p>","protected":false},"author":5,"featured_media":0,"parent":0,"menu_order":0,"comment_status":"closed","ping_status":"closed","template":"","meta":{"ocean_post_layout":"","ocean_both_sidebars_style":"","ocean_both_sidebars_content_width":0,"ocean_both_sidebars_sidebars_width":0,"ocean_sidebar":"0","ocean_second_sidebar":"0","ocean_disable_margins":"on","ocean_add_body_class":"","ocean_shortcode_before_top_bar":"","ocean_shortcode_after_top_bar":"","ocean_shortcode_before_header":"","ocean_shortcode_after_header":"","ocean_has_shortcode":"","ocean_shortcode_after_title":"","ocean_shortcode_before_footer_widgets":"","ocean_shortcode_after_footer_widgets":"","ocean_shortcode_before_footer_bottom":"","ocean_shortcode_after_footer_bottom":"","ocean_display_top_bar":"off","ocean_display_header":"on","ocean_header_style":"","ocean_center_header_left_menu":"0","ocean_custom_header_template":"0","ocean_custom_logo":0,"ocean_custom_retina_logo":0,"ocean_custom_logo_max_width":0,"ocean_custom_logo_tablet_max_width":0,"ocean_custom_logo_mobile_max_width":0,"ocean_custom_logo_max_height":0,"ocean_custom_logo_tablet_max_height":0,"ocean_custom_logo_mobile_max_height":0,"ocean_header_custom_menu":"0","ocean_menu_typo_font_family":"0","ocean_menu_typo_font_subset":"","ocean_menu_typo_font_size":0,"ocean_menu_typo_font_size_tablet":0,"ocean_menu_typo_font_size_mobile":0,"ocean_menu_typo_font_size_unit":"px","ocean_menu_typo_font_weight":"","ocean_menu_typo_font_weight_tablet":"","ocean_menu_typo_font_weight_mobile":"","ocean_menu_typo_transform":"","ocean_menu_typo_transform_tablet":"","ocean_menu_typo_transform_mobile":"","ocean_menu_typo_line_height":0,"ocean_menu_typo_line_height_tablet":0,"ocean_menu_typo_line_height_mobile":0,"ocean_menu_typo_line_height_unit":"","ocean_menu_typo_spacing":0,"ocean_menu_typo_spacing_tablet":0,"ocean_menu_typo_spacing_mobile":0,"ocean_menu_typo_spacing_unit":"","ocean_menu_link_color":"","ocean_menu_link_color_hover":"","ocean_menu_link_color_active":"","ocean_menu_link_background":"","ocean_menu_link_hover_background":"","ocean_menu_link_active_background":"","ocean_menu_social_links_bg":"","ocean_menu_social_hover_links_bg":"","ocean_menu_social_links_color":"","ocean_menu_social_hover_links_color":"","ocean_disable_title":"default","ocean_disable_heading":"default","ocean_post_title":"","ocean_post_subheading":"","ocean_post_title_style":"","ocean_post_title_background_color":"","ocean_post_title_background":0,"ocean_post_title_bg_image_position":"","ocean_post_title_bg_image_attachment":"","ocean_post_title_bg_image_repeat":"","ocean_post_title_bg_image_size":"","ocean_post_title_height":0,"ocean_post_title_bg_overlay":0.5,"ocean_post_title_bg_overlay_color":"","ocean_disable_breadcrumbs":"default","ocean_breadcrumbs_color":"","ocean_breadcrumbs_separator_color":"","ocean_breadcrumbs_links_color":"","ocean_breadcrumbs_links_hover_color":"","ocean_display_footer_widgets":"default","ocean_display_footer_bottom":"default","ocean_custom_footer_template":"0","footnotes":""},"class_list":["post-5078","page","type-page","status-publish","hentry","entry"],"publishpress_future_action":{"enabled":false,"date":"2026-04-26 11:49:58","action":"change-status","newStatus":"draft","terms":[],"taxonomy":"","extraData":[]},"publishpress_future_workflow_manual_trigger":{"enabledWorkflows":[]},"_links":{"self":[{"href":"https:\/\/grasdorf-rad.eu\/en\/wp-json\/wp\/v2\/pages\/5078","targetHints":{"allow":["GET"]}}],"collection":[{"href":"https:\/\/grasdorf-rad.eu\/en\/wp-json\/wp\/v2\/pages"}],"about":[{"href":"https:\/\/grasdorf-rad.eu\/en\/wp-json\/wp\/v2\/types\/page"}],"author":[{"embeddable":true,"href":"https:\/\/grasdorf-rad.eu\/en\/wp-json\/wp\/v2\/users\/5"}],"replies":[{"embeddable":true,"href":"https:\/\/grasdorf-rad.eu\/en\/wp-json\/wp\/v2\/comments?post=5078"}],"version-history":[{"count":24,"href":"https:\/\/grasdorf-rad.eu\/en\/wp-json\/wp\/v2\/pages\/5078\/revisions"}],"predecessor-version":[{"id":11532,"href":"https:\/\/grasdorf-rad.eu\/en\/wp-json\/wp\/v2\/pages\/5078\/revisions\/11532"}],"wp:attachment":[{"href":"https:\/\/grasdorf-rad.eu\/en\/wp-json\/wp\/v2\/media?parent=5078"}],"curies":[{"name":"wp","href":"https:\/\/api.w.org\/{rel}","templated":true}]}}