{"id":14865,"date":"2025-04-23T16:19:36","date_gmt":"2025-04-23T14:19:36","guid":{"rendered":"https:\/\/grasdorf-rad.eu\/?page_id=14865"},"modified":"2025-04-23T16:22:11","modified_gmt":"2025-04-23T14:22:11","slug":"historie","status":"publish","type":"page","link":"https:\/\/grasdorf-rad.eu\/en\/historie\/","title":{"rendered":"History"},"content":{"rendered":"\t\t<div data-elementor-type=\"wp-post\" data-elementor-id=\"14865\" class=\"elementor elementor-14865\" data-elementor-post-type=\"page\">\n\t\t\t\t\t\t<section class=\"elementor-section elementor-top-section elementor-element elementor-element-7731b517 elementor-section-full_width elementor-section-stretched elementor-section-height-default elementor-section-height-default\" data-id=\"7731b517\" data-element_type=\"section\" data-e-type=\"section\" data-settings=\"{&quot;background_background&quot;:&quot;classic&quot;,&quot;stretch_section&quot;:&quot;section-stretched&quot;}\">\n\t\t\t\t\t\t\t<div class=\"elementor-background-overlay\"><\/div>\n\t\t\t\t\t\t\t<div class=\"elementor-container elementor-column-gap-default\">\n\t\t\t\t\t<div class=\"elementor-column elementor-col-100 elementor-top-column elementor-element elementor-element-413bcc8c elementor-invisible\" data-id=\"413bcc8c\" data-element_type=\"column\" data-e-type=\"column\" data-settings=\"{&quot;animation&quot;:&quot;fadeInDown&quot;}\">\n\t\t\t<div class=\"elementor-widget-wrap elementor-element-populated\">\n\t\t\t\t\t\t<div class=\"elementor-element elementor-element-926062f elementor-widget__width-inherit elementor-hidden-desktop elementor-hidden-tablet elementor-hidden-mobile elementor-invisible elementor-widget elementor-widget-image\" data-id=\"926062f\" data-element_type=\"widget\" data-e-type=\"widget\" data-settings=\"{&quot;_animation&quot;:&quot;rollIn&quot;}\" data-widget_type=\"image.default\">\n\t\t\t\t<div class=\"elementor-widget-container\">\n\t\t\t\t\t\t\t\t\t\t\t\t<figure class=\"wp-caption\">\n\t\t\t\t\t\t\t\t\t\t<img fetchpriority=\"high\" decoding=\"async\" width=\"2560\" height=\"1920\" src=\"https:\/\/grasdorf-rad.eu\/wp-content\/uploads\/Grasdorf_GmbH-scaled.jpg\" class=\"attachment-full size-full wp-image-14700\" alt=\"\" srcset=\"https:\/\/grasdorf-rad.eu\/wp-content\/uploads\/Grasdorf_GmbH-scaled.jpg 2560w, https:\/\/grasdorf-rad.eu\/wp-content\/uploads\/Grasdorf_GmbH-300x225.jpg 300w, https:\/\/grasdorf-rad.eu\/wp-content\/uploads\/Grasdorf_GmbH-768x576.jpg 768w, https:\/\/grasdorf-rad.eu\/wp-content\/uploads\/Grasdorf_GmbH-1536x1152.jpg 1536w, https:\/\/grasdorf-rad.eu\/wp-content\/uploads\/Grasdorf_GmbH-2048x1536.jpg 2048w, https:\/\/grasdorf-rad.eu\/wp-content\/uploads\/Grasdorf_GmbH-16x12.jpg 16w\" sizes=\"(max-width: 2560px) 100vw, 2560px\">\t\t\t\t\t\t\t\t\t\t\t<figcaption class=\"widget-image-caption wp-caption-text\"><\/figcaption>\n\t\t\t\t\t\t\t\t\t\t<\/figure>\n\t\t\t\t\t\t\t\t\t<\/div>\n\t\t\t\t<\/div>\n\t\t\t\t\t<\/div>\n\t\t<\/div>\n\t\t\t\t\t<\/div>\n\t\t<\/section>\n\t\t\t\t<section class=\"elementor-section elementor-top-section elementor-element elementor-element-b99b76c elementor-section-full_width elementor-section-height-min-height elementor-section-stretched elementor-section-height-default elementor-section-items-middle\" data-id=\"b99b76c\" data-element_type=\"section\" data-e-type=\"section\" data-settings=\"{&quot;stretch_section&quot;:&quot;section-stretched&quot;,&quot;background_background&quot;:&quot;classic&quot;}\">\n\t\t\t\t\t\t<div class=\"elementor-container elementor-column-gap-wider\">\n\t\t\t\t\t<div class=\"elementor-column elementor-col-100 elementor-top-column elementor-element elementor-element-1ba96445\" data-id=\"1ba96445\" data-element_type=\"column\" data-e-type=\"column\">\n\t\t\t<div class=\"elementor-widget-wrap elementor-element-populated\">\n\t\t\t\t\t\t<div class=\"elementor-element elementor-element-59afb6b elementor-invisible elementor-widget elementor-widget-heading\" data-id=\"59afb6b\" data-element_type=\"widget\" data-e-type=\"widget\" data-settings=\"{&quot;_animation&quot;:&quot;zoomIn&quot;}\" data-widget_type=\"heading.default\">\n\t\t\t\t<div class=\"elementor-widget-container\">\n\t\t\t\t\t<h1 class=\"elementor-heading-title elementor-size-xxl\"><br>\nEin Blick in die Wurzeln unserer Geschichte<\/h1>\t\t\t\t<\/div>\n\t\t\t\t<\/div>\n\t\t\t\t\t<\/div>\n\t\t<\/div>\n\t\t\t\t\t<\/div>\n\t\t<\/section>\n\t\t\t\t<section class=\"elementor-section elementor-top-section elementor-element elementor-element-552011f8 elementor-section-stretched elementor-section-boxed elementor-section-height-default elementor-section-height-default\" data-id=\"552011f8\" data-element_type=\"section\" data-e-type=\"section\" data-settings=\"{&quot;stretch_section&quot;:&quot;section-stretched&quot;,&quot;background_background&quot;:&quot;classic&quot;,&quot;background_motion_fx_motion_fx_scrolling&quot;:&quot;yes&quot;,&quot;background_motion_fx_opacity_effect&quot;:&quot;yes&quot;,&quot;background_motion_fx_opacity_level&quot;:{&quot;unit&quot;:&quot;px&quot;,&quot;size&quot;:6.9000000000000004,&quot;sizes&quot;:[]},&quot;background_motion_fx_opacity_direction&quot;:&quot;out-in&quot;,&quot;background_motion_fx_opacity_range&quot;:{&quot;unit&quot;:&quot;%&quot;,&quot;size&quot;:&quot;&quot;,&quot;sizes&quot;:{&quot;start&quot;:20,&quot;end&quot;:80}},&quot;background_motion_fx_devices&quot;:[&quot;desktop&quot;,&quot;tablet&quot;,&quot;mobile&quot;]}\">\n\t\t\t\t\t\t\t<div class=\"elementor-background-overlay\"><\/div>\n\t\t\t\t\t\t\t<div class=\"elementor-container elementor-column-gap-default\">\n\t\t\t\t\t<div class=\"elementor-column elementor-col-100 elementor-top-column elementor-element elementor-element-17ca9fcd\" data-id=\"17ca9fcd\" data-element_type=\"column\" data-e-type=\"column\">\n\t\t\t<div class=\"elementor-widget-wrap elementor-element-populated\">\n\t\t\t\t\t\t<div class=\"elementor-element elementor-element-89dedd1 ee-timeline-cards-align--middle elementor-widget__width-initial ee-timeline-align--center ee-timeline-align-tablet--left ee-timeline-align-mobile--left ee-timeline-cards-align-tablet--top ee-timeline-cards-align-mobile--top ee-timeline-animate elementor-widget elementor-widget-timeline\" data-id=\"89dedd1\" data-element_type=\"widget\" data-e-type=\"widget\" data-settings=\"{&quot;line_location&quot;:{&quot;unit&quot;:&quot;px&quot;,&quot;size&quot;:46,&quot;sizes&quot;:[]}}\" data-widget_type=\"timeline.default\">\n\t\t\t\t<div class=\"elementor-widget-container\">\n\t\t\t\t\t<section class=\"ee-timeline ee-timeline--vertical\"><div class=\"ee-timeline__line\">\n\t\t\t<div class=\"ee-timeline__line__inner\"><\/div>\n\t\t<\/div><div class=\"elementor-repeater-item-953bc8f ee-timeline__item timeline-item\">\n\t\t\t\t<div class=\"timeline-item__point\"><span class=\"ee-icon ee-icon-support--svg ee-timeline__item__icon\"><i aria-hidden=\"true\" class=\"fas fa-calendar-alt\"><\/i><\/span><\/div>\n\t\t\t\t<div class=\"timeline-item__card-wrapper\">\n\t\t\t\t\t<div class=\"timeline-item__card\">\n\n\t\t\t\t\t\t<div class=\"timeline-item__content-wrapper\"><div class=\"timeline-item__img ee-post__thumbnail\"><img decoding=\"async\" width=\"1200\" height=\"750\" src=\"https:\/\/grasdorf-rad.eu\/wp-content\/uploads\/Grasdorf_GmbH_web.jpg\" class=\"attachment-large size-large wp-image-14657\" alt=\"\" srcset=\"https:\/\/grasdorf-rad.eu\/wp-content\/uploads\/Grasdorf_GmbH_web.jpg 1280w, https:\/\/grasdorf-rad.eu\/wp-content\/uploads\/Grasdorf_GmbH_web-300x188.jpg 300w, https:\/\/grasdorf-rad.eu\/wp-content\/uploads\/Grasdorf_GmbH_web-768x480.jpg 768w, https:\/\/grasdorf-rad.eu\/wp-content\/uploads\/Grasdorf_GmbH_web-18x12.jpg 18w\" sizes=\"(max-width: 1200px) 100vw, 1200px\"><\/div><div class=\"timeline-item__content\"><!-- meta -->\n\t\t<div class=\"timeline-item__meta meta\">\n\t\t\t2025\t\t<\/div><div class=\"timeline-item__content__wysiwyg\">\n\t\t\t\t<p>Firmengel\u00e4nde Grasdorf GmbH in Sottrum.<\/p>\t\t\t<\/div>\n\t\t<\/div><\/div><div class=\"timeline-item__card__arrow\"><\/div><\/div>\n\t\t\t\t<\/div>\n\t\t\t\t<div class=\"timeline-item__meta-wrapper\"><!-- meta -->\n\t\t<div class=\"timeline-item__meta meta timeline-item__meta meta\">\n\t\t\t2025\t\t<\/div><\/div>\n\t\t\t<\/div><div class=\"elementor-repeater-item-ef7374a ee-timeline__item timeline-item\">\n\t\t\t\t<div class=\"timeline-item__point\"><span class=\"ee-icon ee-icon-support--svg ee-timeline__item__icon\"><i aria-hidden=\"true\" class=\"fas fa-calendar-alt\"><\/i><\/span><\/div>\n\t\t\t\t<div class=\"timeline-item__card-wrapper\">\n\t\t\t\t\t<div class=\"timeline-item__card\">\n\n\t\t\t\t\t\t<div class=\"timeline-item__content-wrapper\"><div class=\"timeline-item__img ee-post__thumbnail\"><img decoding=\"async\" width=\"1200\" height=\"673\" src=\"https:\/\/grasdorf-rad.eu\/wp-content\/uploads\/Wolf-Schwab1m_2.jpg\" class=\"attachment-large size-large wp-image-14711\" alt=\"\" srcset=\"https:\/\/grasdorf-rad.eu\/wp-content\/uploads\/Wolf-Schwab1m_2.jpg 1772w, https:\/\/grasdorf-rad.eu\/wp-content\/uploads\/Wolf-Schwab1m_2-300x168.jpg 300w, https:\/\/grasdorf-rad.eu\/wp-content\/uploads\/Wolf-Schwab1m_2-768x431.jpg 768w, https:\/\/grasdorf-rad.eu\/wp-content\/uploads\/Wolf-Schwab1m_2-1536x862.jpg 1536w, https:\/\/grasdorf-rad.eu\/wp-content\/uploads\/Wolf-Schwab1m_2-18x10.jpg 18w, https:\/\/grasdorf-rad.eu\/wp-content\/uploads\/Wolf-Schwab1m_2-800x450.jpg 800w\" sizes=\"(max-width: 1200px) 100vw, 1200px\"><\/div><div class=\"timeline-item__content\"><!-- meta -->\n\t\t<div class=\"timeline-item__meta meta\">\n\t\t\t2024 \/ 2025\t\t<\/div><div class=\"timeline-item__content__wysiwyg\">\n\t\t\t\t<h2 class=\"elementor-heading-title elementor-size-default\">Weiterentwicklung von Grasdorf gesichert<\/h2><p>\u00a0<\/p><p>\u00dcbernahme zu 100% durch die Karlsruher Pneuhage Unternehmensgruppe. Grasdorf bleibt weiterhin im Markt bestehen.<\/p><p><em>Bild: v.l.n.r.: Joachim G. Wolf ( Gesch\u00e4ftsf\u00fchrer Grasdorf GmbH) und Erwin Schwab (Gesch\u00e4ftsf\u00fchrer Pneuhage Gruppe) blicken einer gemeinsamen Zukunft freudig entgegen. (Bildquelle: Pneuhage)\u00a0<\/em><\/p><p>\u00a0<\/p>\t\t\t<\/div>\n\t\t<\/div><\/div><div class=\"timeline-item__card__arrow\"><\/div><\/div>\n\t\t\t\t<\/div>\n\t\t\t\t<div class=\"timeline-item__meta-wrapper\"><!-- meta -->\n\t\t<div class=\"timeline-item__meta meta timeline-item__meta meta\">\n\t\t\t2024 \/ 2025\t\t<\/div><\/div>\n\t\t\t<\/div><div class=\"elementor-repeater-item-3641c34 ee-timeline__item timeline-item\">\n\t\t\t\t<div class=\"timeline-item__point\"><span class=\"ee-icon ee-icon-support--svg ee-timeline__item__icon\"><i aria-hidden=\"true\" class=\"fas fa-calendar-alt\"><\/i><\/span><\/div>\n\t\t\t\t<div class=\"timeline-item__card-wrapper\">\n\t\t\t\t\t<div class=\"timeline-item__card\">\n\n\t\t\t\t\t\t<div class=\"timeline-item__content-wrapper\"><div class=\"timeline-item__img ee-post__thumbnail\"><img loading=\"lazy\" decoding=\"async\" width=\"1200\" height=\"435\" src=\"https:\/\/grasdorf-rad.eu\/wp-content\/uploads\/Grasdorf-Logo_4C_alt2-1-2400x869.png\" class=\"attachment-large size-large wp-image-14829\" alt=\"\" srcset=\"https:\/\/grasdorf-rad.eu\/wp-content\/uploads\/Grasdorf-Logo_4C_alt2-1-2400x869.png 2400w, https:\/\/grasdorf-rad.eu\/wp-content\/uploads\/Grasdorf-Logo_4C_alt2-1-300x109.png 300w, https:\/\/grasdorf-rad.eu\/wp-content\/uploads\/Grasdorf-Logo_4C_alt2-1-768x278.png 768w, https:\/\/grasdorf-rad.eu\/wp-content\/uploads\/Grasdorf-Logo_4C_alt2-1-1536x556.png 1536w, https:\/\/grasdorf-rad.eu\/wp-content\/uploads\/Grasdorf-Logo_4C_alt2-1-2048x741.png 2048w, https:\/\/grasdorf-rad.eu\/wp-content\/uploads\/Grasdorf-Logo_4C_alt2-1-18x7.png 18w, https:\/\/grasdorf-rad.eu\/wp-content\/uploads\/Grasdorf-Logo_4C_alt2-1-600x217.png 600w\" sizes=\"(max-width: 1200px) 100vw, 1200px\"><\/div><div class=\"timeline-item__content\"><!-- meta -->\n\t\t<div class=\"timeline-item__meta meta\">\n\t\t\t2013\t\t<\/div><div class=\"timeline-item__content__wysiwyg\">\n\t\t\t\t<p>Neustrukturierung der Unternehmensorganisation und Umbenennung in die heutige Grasdorf GmbH.<\/p>\t\t\t<\/div>\n\t\t<\/div><\/div><div class=\"timeline-item__card__arrow\"><\/div><\/div>\n\t\t\t\t<\/div>\n\t\t\t\t<div class=\"timeline-item__meta-wrapper\"><!-- meta -->\n\t\t<div class=\"timeline-item__meta meta timeline-item__meta meta\">\n\t\t\t2013\t\t<\/div><\/div>\n\t\t\t<\/div><div class=\"elementor-repeater-item-874040c ee-timeline__item timeline-item\">\n\t\t\t\t<div class=\"timeline-item__point\"><span class=\"ee-icon ee-icon-support--svg ee-timeline__item__icon\"><i aria-hidden=\"true\" class=\"fas fa-calendar-alt\"><\/i><\/span><\/div>\n\t\t\t\t<div class=\"timeline-item__card-wrapper\">\n\t\t\t\t\t<div class=\"timeline-item__card\">\n\n\t\t\t\t\t\t<div class=\"timeline-item__content-wrapper\"><div class=\"timeline-item__content\"><!-- meta -->\n\t\t<div class=\"timeline-item__meta meta\">\n\t\t\t2006\t\t<\/div><div class=\"timeline-item__content__wysiwyg\">\n\t\t\t\t<p>Grasdorf Wennekamp \u00fcbernimmt Dziallas-Reifen in Stuhr bei Bremen und erweitert seine Kompetenzen im Reifenhandel.<\/p>\t\t\t<\/div>\n\t\t<\/div><\/div><div class=\"timeline-item__card__arrow\"><\/div><\/div>\n\t\t\t\t<\/div>\n\t\t\t\t<div class=\"timeline-item__meta-wrapper\"><!-- meta -->\n\t\t<div class=\"timeline-item__meta meta timeline-item__meta meta\">\n\t\t\t2006\t\t<\/div><\/div>\n\t\t\t<\/div><div class=\"elementor-repeater-item-d9bda51 ee-timeline__item timeline-item\">\n\t\t\t\t<div class=\"timeline-item__point\"><span class=\"ee-icon ee-icon-support--svg ee-timeline__item__icon\"><i aria-hidden=\"true\" class=\"fas fa-calendar-alt\"><\/i><\/span><\/div>\n\t\t\t\t<div class=\"timeline-item__card-wrapper\">\n\t\t\t\t\t<div class=\"timeline-item__card\">\n\n\t\t\t\t\t\t<div class=\"timeline-item__content-wrapper\"><div class=\"timeline-item__content\"><!-- meta -->\n\t\t<div class=\"timeline-item__meta meta\">\n\t\t\t2003\t\t<\/div><div class=\"timeline-item__content__wysiwyg\">\n\t\t\t\t<p>Die Grasdorf R\u00e4der GmbH und Agrartechnik Wennekamp b\u00fcndeln ihre Kompetenzen und fusionieren zur Grasdorf Wennekamp GmbH.<\/p>\t\t\t<\/div>\n\t\t<\/div><\/div><div class=\"timeline-item__card__arrow\"><\/div><\/div>\n\t\t\t\t<\/div>\n\t\t\t\t<div class=\"timeline-item__meta-wrapper\"><!-- meta -->\n\t\t<div class=\"timeline-item__meta meta timeline-item__meta meta\">\n\t\t\t2003\t\t<\/div><\/div>\n\t\t\t<\/div><div class=\"elementor-repeater-item-b73b9af ee-timeline__item timeline-item\">\n\t\t\t\t<div class=\"timeline-item__point\"><span class=\"ee-icon ee-icon-support--svg ee-timeline__item__icon\"><i aria-hidden=\"true\" class=\"fas fa-calendar-alt\"><\/i><\/span><\/div>\n\t\t\t\t<div class=\"timeline-item__card-wrapper\">\n\t\t\t\t\t<div class=\"timeline-item__card\">\n\n\t\t\t\t\t\t<div class=\"timeline-item__content-wrapper\"><div class=\"timeline-item__content\"><!-- meta -->\n\t\t<div class=\"timeline-item__meta meta\">\n\t\t\t1997\t\t<\/div><div class=\"timeline-item__content__wysiwyg\">\n\t\t\t\t<p>\u00dcbernahme des Reifengro\u00dfhandels Meyer und Bolte aus Weyhe bei Bremen.<\/p>\t\t\t<\/div>\n\t\t<\/div><\/div><div class=\"timeline-item__card__arrow\"><\/div><\/div>\n\t\t\t\t<\/div>\n\t\t\t\t<div class=\"timeline-item__meta-wrapper\"><!-- meta -->\n\t\t<div class=\"timeline-item__meta meta timeline-item__meta meta\">\n\t\t\t1997\t\t<\/div><\/div>\n\t\t\t<\/div><div class=\"elementor-repeater-item-90f8b12 ee-timeline__item timeline-item\">\n\t\t\t\t<div class=\"timeline-item__point\"><span class=\"ee-icon ee-icon-support--svg ee-timeline__item__icon\"><i aria-hidden=\"true\" class=\"fas fa-calendar-alt\"><\/i><\/span><\/div>\n\t\t\t\t<div class=\"timeline-item__card-wrapper\">\n\t\t\t\t\t<div class=\"timeline-item__card\">\n\n\t\t\t\t\t\t<div class=\"timeline-item__content-wrapper\"><div class=\"timeline-item__content\"><!-- meta -->\n\t\t<div class=\"timeline-item__meta meta\">\n\t\t\t1991\t\t<\/div><div class=\"timeline-item__content__wysiwyg\">\n\t\t\t\t<p>Ausweitung der Produktion durch Gr\u00fcndung der Produktionsgesellschaft Grasdorf R\u00e4der Groitzsch GmbH am heutigen Produktionsstandort in Groitzsch bei Dresden.<\/p>\t\t\t<\/div>\n\t\t<\/div><\/div><div class=\"timeline-item__card__arrow\"><\/div><\/div>\n\t\t\t\t<\/div>\n\t\t\t\t<div class=\"timeline-item__meta-wrapper\"><!-- meta -->\n\t\t<div class=\"timeline-item__meta meta timeline-item__meta meta\">\n\t\t\t1991\t\t<\/div><\/div>\n\t\t\t<\/div><div class=\"elementor-repeater-item-c05138c ee-timeline__item timeline-item\">\n\t\t\t\t<div class=\"timeline-item__point\"><span class=\"ee-icon ee-icon-support--svg ee-timeline__item__icon\"><i aria-hidden=\"true\" class=\"fas fa-calendar-alt\"><\/i><\/span><\/div>\n\t\t\t\t<div class=\"timeline-item__card-wrapper\">\n\t\t\t\t\t<div class=\"timeline-item__card\">\n\n\t\t\t\t\t\t<div class=\"timeline-item__content-wrapper\"><div class=\"timeline-item__content\"><!-- meta -->\n\t\t<div class=\"timeline-item__meta meta\">\n\t\t\t1988\t\t<\/div><div class=\"timeline-item__content__wysiwyg\">\n\t\t\t\t<p>Start der Fertigung von R\u00e4dern f\u00fcr Baumaschinen und Spezialfahrzeuge in h\u00f6chster Qualit\u00e4t.<\/p>\t\t\t<\/div>\n\t\t<\/div><\/div><div class=\"timeline-item__card__arrow\"><\/div><\/div>\n\t\t\t\t<\/div>\n\t\t\t\t<div class=\"timeline-item__meta-wrapper\"><!-- meta -->\n\t\t<div class=\"timeline-item__meta meta timeline-item__meta meta\">\n\t\t\t1988\t\t<\/div><\/div>\n\t\t\t<\/div><div class=\"elementor-repeater-item-7932334 ee-timeline__item timeline-item\">\n\t\t\t\t<div class=\"timeline-item__point\"><span class=\"ee-icon ee-icon-support--svg ee-timeline__item__icon\"><i aria-hidden=\"true\" class=\"fas fa-calendar-alt\"><\/i><\/span><\/div>\n\t\t\t\t<div class=\"timeline-item__card-wrapper\">\n\t\t\t\t\t<div class=\"timeline-item__card\">\n\n\t\t\t\t\t\t<div class=\"timeline-item__content-wrapper\"><div class=\"timeline-item__img ee-post__thumbnail\"><img loading=\"lazy\" decoding=\"async\" width=\"1200\" height=\"839\" src=\"https:\/\/grasdorf-rad.eu\/wp-content\/uploads\/Grasdorf_Luftbild_80er.jpg\" class=\"attachment-large size-large wp-image-14868\" alt=\"\" srcset=\"https:\/\/grasdorf-rad.eu\/wp-content\/uploads\/Grasdorf_Luftbild_80er.jpg 1397w, https:\/\/grasdorf-rad.eu\/wp-content\/uploads\/Grasdorf_Luftbild_80er-300x210.jpg 300w, https:\/\/grasdorf-rad.eu\/wp-content\/uploads\/Grasdorf_Luftbild_80er-768x537.jpg 768w, https:\/\/grasdorf-rad.eu\/wp-content\/uploads\/Grasdorf_Luftbild_80er-18x12.jpg 18w, https:\/\/grasdorf-rad.eu\/wp-content\/uploads\/Grasdorf_Luftbild_80er-600x420.jpg 600w\" sizes=\"(max-width: 1200px) 100vw, 1200px\"><\/div><div class=\"timeline-item__content\"><!-- meta -->\n\t\t<div class=\"timeline-item__meta meta\">\n\t\t\t1987\t\t<\/div><div class=\"timeline-item__content__wysiwyg\">\n\t\t\t\t<p>Umzug vom urspr\u00fcnglichen Firmenstandort in Grasdorf in die heutige Firmenzentrale nach Sottrum und Kauf der Baumaschinenfertigungsanlage von Michelin in Frankreich.<\/p>\t\t\t<\/div>\n\t\t<\/div><\/div><div class=\"timeline-item__card__arrow\"><\/div><\/div>\n\t\t\t\t<\/div>\n\t\t\t\t<div class=\"timeline-item__meta-wrapper\"><!-- meta -->\n\t\t<div class=\"timeline-item__meta meta timeline-item__meta meta\">\n\t\t\t1987\t\t<\/div><\/div>\n\t\t\t<\/div><div class=\"elementor-repeater-item-b49c4f4 ee-timeline__item timeline-item\">\n\t\t\t\t<div class=\"timeline-item__point\"><span class=\"ee-icon ee-icon-support--svg ee-timeline__item__icon\"><i aria-hidden=\"true\" class=\"fas fa-calendar-alt\"><\/i><\/span><\/div>\n\t\t\t\t<div class=\"timeline-item__card-wrapper\">\n\t\t\t\t\t<div class=\"timeline-item__card\">\n\n\t\t\t\t\t\t<div class=\"timeline-item__content-wrapper\"><div class=\"timeline-item__img ee-post__thumbnail\"><img loading=\"lazy\" decoding=\"async\" width=\"300\" height=\"200\" src=\"https:\/\/grasdorf-rad.eu\/wp-content\/uploads\/GrasdorfRaeder_1983-300x200.jpg\" class=\"attachment-medium size-medium wp-image-14873\" alt=\"\" srcset=\"https:\/\/grasdorf-rad.eu\/wp-content\/uploads\/GrasdorfRaeder_1983-300x200.jpg 300w, https:\/\/grasdorf-rad.eu\/wp-content\/uploads\/GrasdorfRaeder_1983-768x512.jpg 768w, https:\/\/grasdorf-rad.eu\/wp-content\/uploads\/GrasdorfRaeder_1983-18x12.jpg 18w, https:\/\/grasdorf-rad.eu\/wp-content\/uploads\/GrasdorfRaeder_1983-600x400.jpg 600w, https:\/\/grasdorf-rad.eu\/wp-content\/uploads\/GrasdorfRaeder_1983.jpg 1023w\" sizes=\"(max-width: 300px) 100vw, 300px\"><\/div><div class=\"timeline-item__content\"><!-- meta -->\n\t\t<div class=\"timeline-item__meta meta\">\n\t\t\t1983\t\t<\/div><div class=\"timeline-item__content__wysiwyg\">\n\t\t\t\t<p>Ausweitung der Gesch\u00e4ftst\u00e4tigkeiten durch Anerkennung als Reifengro\u00dfh\u00e4ndler und Beginn mit dem Verkauf von Komplettr\u00e4dern.<\/p>\t\t\t<\/div>\n\t\t<\/div><\/div><div class=\"timeline-item__card__arrow\"><\/div><\/div>\n\t\t\t\t<\/div>\n\t\t\t\t<div class=\"timeline-item__meta-wrapper\"><!-- meta -->\n\t\t<div class=\"timeline-item__meta meta timeline-item__meta meta\">\n\t\t\t1983\t\t<\/div><\/div>\n\t\t\t<\/div><div class=\"elementor-repeater-item-2ef1384 ee-timeline__item timeline-item\">\n\t\t\t\t<div class=\"timeline-item__point\"><span class=\"ee-icon ee-icon-support--svg ee-timeline__item__icon\"><i aria-hidden=\"true\" class=\"fas fa-calendar-alt\"><\/i><\/span><\/div>\n\t\t\t\t<div class=\"timeline-item__card-wrapper\">\n\t\t\t\t\t<div class=\"timeline-item__card\">\n\n\t\t\t\t\t\t<div class=\"timeline-item__content-wrapper\"><div class=\"timeline-item__img ee-post__thumbnail\"><img loading=\"lazy\" decoding=\"async\" width=\"1025\" height=\"680\" src=\"https:\/\/grasdorf-rad.eu\/wp-content\/uploads\/Grasdorf_Gruendung.jpg\" class=\"attachment-large size-large wp-image-14866\" alt=\"\" srcset=\"https:\/\/grasdorf-rad.eu\/wp-content\/uploads\/Grasdorf_Gruendung.jpg 1025w, https:\/\/grasdorf-rad.eu\/wp-content\/uploads\/Grasdorf_Gruendung-300x199.jpg 300w, https:\/\/grasdorf-rad.eu\/wp-content\/uploads\/Grasdorf_Gruendung-768x510.jpg 768w, https:\/\/grasdorf-rad.eu\/wp-content\/uploads\/Grasdorf_Gruendung-18x12.jpg 18w, https:\/\/grasdorf-rad.eu\/wp-content\/uploads\/Grasdorf_Gruendung-600x398.jpg 600w\" sizes=\"(max-width: 1025px) 100vw, 1025px\"><\/div><div class=\"timeline-item__content\"><!-- meta -->\n\t\t<div class=\"timeline-item__meta meta\">\n\t\t\t1981\t\t<\/div><div class=\"timeline-item__content__wysiwyg\">\n\t\t\t\t<p>Gr\u00fcndung der Grasdorf R\u00e4der GmbH und Beginn mit dem Bau von Sonderr\u00e4dern.<\/p><p>Bild: Wo alles begann &#8211; Ehemaliges Firmengeb\u00e4ude in Grasdorf bei Holle<\/p>\t\t\t<\/div>\n\t\t<\/div><\/div><div class=\"timeline-item__card__arrow\"><\/div><\/div>\n\t\t\t\t<\/div>\n\t\t\t\t<div class=\"timeline-item__meta-wrapper\"><!-- meta -->\n\t\t<div class=\"timeline-item__meta meta timeline-item__meta meta\">\n\t\t\t1981\t\t<\/div><\/div>\n\t\t\t<\/div><\/section>\t\t\t\t<\/div>\n\t\t\t\t<\/div>\n\t\t\t\t\t<\/div>\n\t\t<\/div>\n\t\t\t\t\t<\/div>\n\t\t<\/section>\n\t\t\t\t<\/div>\n\t\t","protected":false},"excerpt":{"rendered":"<p>Ein Blick in die Wurzeln unserer Geschichte 2025 Firmengel\u00e4nde Grasdorf GmbH in Sottrum. 2025 2024 \/ 2025 Weiterentwicklung von Grasdorf gesichert \u00a0 \u00dcbernahme zu 100% durch die Karlsruher Pneuhage Unternehmensgruppe. Grasdorf bleibt weiterhin im Markt bestehen. Bild: v.l.n.r.: Joachim G. Wolf ( Gesch\u00e4ftsf\u00fchrer Grasdorf GmbH) und Erwin Schwab (Gesch\u00e4ftsf\u00fchrer Pneuhage Gruppe) blicken einer gemeinsamen Zukunft [&hellip;]<\/p>\n","protected":false},"author":5,"featured_media":0,"parent":0,"menu_order":0,"comment_status":"closed","ping_status":"closed","template":"","meta":{"ocean_post_layout":"","ocean_both_sidebars_style":"","ocean_both_sidebars_content_width":0,"ocean_both_sidebars_sidebars_width":0,"ocean_sidebar":"0","ocean_second_sidebar":"0","ocean_disable_margins":"on","ocean_add_body_class":"","ocean_shortcode_before_top_bar":"","ocean_shortcode_after_top_bar":"","ocean_shortcode_before_header":"","ocean_shortcode_after_header":"","ocean_has_shortcode":"","ocean_shortcode_after_title":"","ocean_shortcode_before_footer_widgets":"","ocean_shortcode_after_footer_widgets":"","ocean_shortcode_before_footer_bottom":"","ocean_shortcode_after_footer_bottom":"","ocean_display_top_bar":"default","ocean_display_header":"default","ocean_header_style":"","ocean_center_header_left_menu":"0","ocean_custom_header_template":"0","ocean_custom_logo":0,"ocean_custom_retina_logo":0,"ocean_custom_logo_max_width":0,"ocean_custom_logo_tablet_max_width":0,"ocean_custom_logo_mobile_max_width":0,"ocean_custom_logo_max_height":0,"ocean_custom_logo_tablet_max_height":0,"ocean_custom_logo_mobile_max_height":0,"ocean_header_custom_menu":"0","ocean_menu_typo_font_family":"0","ocean_menu_typo_font_subset":"","ocean_menu_typo_font_size":0,"ocean_menu_typo_font_size_tablet":0,"ocean_menu_typo_font_size_mobile":0,"ocean_menu_typo_font_size_unit":"px","ocean_menu_typo_font_weight":"","ocean_menu_typo_font_weight_tablet":"","ocean_menu_typo_font_weight_mobile":"","ocean_menu_typo_transform":"","ocean_menu_typo_transform_tablet":"","ocean_menu_typo_transform_mobile":"","ocean_menu_typo_line_height":0,"ocean_menu_typo_line_height_tablet":0,"ocean_menu_typo_line_height_mobile":0,"ocean_menu_typo_line_height_unit":"","ocean_menu_typo_spacing":0,"ocean_menu_typo_spacing_tablet":0,"ocean_menu_typo_spacing_mobile":0,"ocean_menu_typo_spacing_unit":"","ocean_menu_link_color":"","ocean_menu_link_color_hover":"","ocean_menu_link_color_active":"","ocean_menu_link_background":"","ocean_menu_link_hover_background":"","ocean_menu_link_active_background":"","ocean_menu_social_links_bg":"","ocean_menu_social_hover_links_bg":"","ocean_menu_social_links_color":"","ocean_menu_social_hover_links_color":"","ocean_disable_title":"default","ocean_disable_heading":"default","ocean_post_title":"","ocean_post_subheading":"","ocean_post_title_style":"","ocean_post_title_background_color":"","ocean_post_title_background":0,"ocean_post_title_bg_image_position":"","ocean_post_title_bg_image_attachment":"","ocean_post_title_bg_image_repeat":"","ocean_post_title_bg_image_size":"","ocean_post_title_height":0,"ocean_post_title_bg_overlay":0.5,"ocean_post_title_bg_overlay_color":"","ocean_disable_breadcrumbs":"default","ocean_breadcrumbs_color":"","ocean_breadcrumbs_separator_color":"","ocean_breadcrumbs_links_color":"","ocean_breadcrumbs_links_hover_color":"","ocean_display_footer_widgets":"default","ocean_display_footer_bottom":"default","ocean_custom_footer_template":"0","footnotes":""},"class_list":["post-14865","page","type-page","status-publish","hentry","entry"],"publishpress_future_action":{"enabled":false,"date":"2026-05-06 19:21:51","action":"change-status","newStatus":"draft","terms":[],"taxonomy":"","extraData":[]},"publishpress_future_workflow_manual_trigger":{"enabledWorkflows":[]},"_links":{"self":[{"href":"https:\/\/grasdorf-rad.eu\/en\/wp-json\/wp\/v2\/pages\/14865","targetHints":{"allow":["GET"]}}],"collection":[{"href":"https:\/\/grasdorf-rad.eu\/en\/wp-json\/wp\/v2\/pages"}],"about":[{"href":"https:\/\/grasdorf-rad.eu\/en\/wp-json\/wp\/v2\/types\/page"}],"author":[{"embeddable":true,"href":"https:\/\/grasdorf-rad.eu\/en\/wp-json\/wp\/v2\/users\/5"}],"replies":[{"embeddable":true,"href":"https:\/\/grasdorf-rad.eu\/en\/wp-json\/wp\/v2\/comments?post=14865"}],"version-history":[{"count":19,"href":"https:\/\/grasdorf-rad.eu\/en\/wp-json\/wp\/v2\/pages\/14865\/revisions"}],"predecessor-version":[{"id":14900,"href":"https:\/\/grasdorf-rad.eu\/en\/wp-json\/wp\/v2\/pages\/14865\/revisions\/14900"}],"wp:attachment":[{"href":"https:\/\/grasdorf-rad.eu\/en\/wp-json\/wp\/v2\/media?parent=14865"}],"curies":[{"name":"wp","href":"https:\/\/api.w.org\/{rel}","templated":true}]}}